{"id":4457,"date":"2023-01-26T10:24:42","date_gmt":"2023-01-26T09:24:42","guid":{"rendered":"https:\/\/www.svycarsky-dum.cz\/zasady-cookies\/"},"modified":"2023-01-26T11:08:03","modified_gmt":"2023-01-26T10:08:03","slug":"cookie-politik","status":"publish","type":"page","link":"https:\/\/www.svycarsky-dum.cz\/de\/cookie-politik\/","title":{"rendered":"Cookie Politik"},"content":{"rendered":"\t\t<div data-elementor-type=\"wp-page\" data-elementor-id=\"4457\" class=\"elementor elementor-4457 elementor-4413\">\n\t\t\t\t\t\t<section class=\"elementor-section elementor-top-section elementor-element elementor-element-b77de22 elementor-section-boxed elementor-section-height-default elementor-section-height-default\" data-id=\"b77de22\" data-element_type=\"section\" data-e-type=\"section\">\n\t\t\t\t\t\t<div class=\"elementor-container elementor-column-gap-no\">\n\t\t\t\t\t<div class=\"elementor-column elementor-col-100 elementor-top-column elementor-element elementor-element-0771b6e\" data-id=\"0771b6e\" data-element_type=\"column\" data-e-type=\"column\">\n\t\t\t<div class=\"elementor-widget-wrap elementor-element-populated\">\n\t\t\t\t\t\t<div class=\"elementor-element elementor-element-d27838c elementor-widget elementor-widget-image\" data-id=\"d27838c\" data-element_type=\"widget\" data-e-type=\"widget\" data-widget_type=\"image.default\">\n\t\t\t\t<div class=\"elementor-widget-container\">\n\t\t\t\t\t\t\t\t\t\t\t\t\t\t\t<img decoding=\"async\" width=\"15\" height=\"76\" src=\"https:\/\/www.svycarsky-dum.cz\/wp-content\/uploads\/2021\/10\/title-effects-dark.svg\" class=\"attachment-large size-large wp-image-1666\" alt=\"\" \/>\t\t\t\t\t\t\t\t\t\t\t\t\t\t\t<\/div>\n\t\t\t\t<\/div>\n\t\t\t\t<div class=\"elementor-element elementor-element-f827de5 elementor-view-default elementor-position-top elementor-widget elementor-widget-themo-header\" data-id=\"f827de5\" data-element_type=\"widget\" data-e-type=\"widget\" data-widget_type=\"themo-header.default\">\n\t\t\t\t<div class=\"elementor-widget-container\">\n\t\t\t\t\t\t\t<div class=\"th-header-wrap\">\n        <div class=\"elementor-icon-box-wrapper \">\n                            <div class=\"elementor-icon-box-content\">\n                    <h2 class=\"elementor-icon-box-title\">\n                        COOKIE POLITIK                    <\/h2>\n                                        <p class=\"elementor-icon-box-description\"><\/p>\n\n                                    <\/div>\n            <\/div>\n\n        <\/div>\n\n\t\t\t\t\t\t<\/div>\n\t\t\t\t<\/div>\n\t\t\t\t\t<\/div>\n\t\t<\/div>\n\t\t\t\t\t<\/div>\n\t\t<\/section>\n\t\t\t\t<section class=\"elementor-section elementor-top-section elementor-element elementor-element-6770c286 elementor-section-boxed elementor-section-height-default elementor-section-height-default\" data-id=\"6770c286\" data-element_type=\"section\" data-e-type=\"section\">\n\t\t\t\t\t\t<div class=\"elementor-container elementor-column-gap-default\">\n\t\t\t\t\t<div class=\"elementor-column elementor-col-100 elementor-top-column elementor-element elementor-element-7c624b28\" data-id=\"7c624b28\" data-element_type=\"column\" data-e-type=\"column\">\n\t\t\t<div class=\"elementor-widget-wrap elementor-element-populated\">\n\t\t\t\t\t\t<div class=\"elementor-element elementor-element-71506841 elementor-widget elementor-widget-shortcode\" data-id=\"71506841\" data-element_type=\"widget\" data-e-type=\"widget\" data-widget_type=\"shortcode.default\">\n\t\t\t\t<div class=\"elementor-widget-container\">\n\t\t\t\t\t\t\t<div class=\"elementor-shortcode\">Region EU not activated for cookie-statement.<\/div>\n\t\t\t\t\t\t<\/div>\n\t\t\t\t<\/div>\n\t\t\t\t\t<\/div>\n\t\t<\/div>\n\t\t\t\t\t<\/div>\n\t\t<\/section>\n\t\t\t\t<\/div>\n\t\t","protected":false},"excerpt":{"rendered":"<p>COOKIE POLITIK<\/p>\n","protected":false},"author":3,"featured_media":0,"parent":0,"menu_order":0,"comment_status":"closed","ping_status":"closed","template":"","meta":{"footnotes":""},"class_list":["post-4457","page","type-page","status-publish","hentry"],"yoast_head":"<!-- This site is optimized with the Yoast SEO plugin v27.4 - https:\/\/yoast.com\/product\/yoast-seo-wordpress\/ -->\n<title>Cookie Politik - Das Hotel Schweizer Hof<\/title>\n<meta name=\"robots\" content=\"index, follow, max-snippet:-1, max-image-preview:large, max-video-preview:-1\" \/>\n<link rel=\"canonical\" href=\"https:\/\/www.svycarsky-dum.cz\/de\/cookie-politik\/\" \/>\n<meta property=\"og:locale\" content=\"de_DE\" \/>\n<meta property=\"og:type\" content=\"article\" \/>\n<meta property=\"og:title\" content=\"Cookie Politik - Das Hotel Schweizer Hof\" \/>\n<meta property=\"og:description\" content=\"COOKIE POLITIK\" \/>\n<meta property=\"og:url\" content=\"https:\/\/www.svycarsky-dum.cz\/de\/cookie-politik\/\" \/>\n<meta property=\"og:site_name\" content=\"Das Hotel Schweizer Hof\" \/>\n<meta property=\"article:publisher\" content=\"https:\/\/www.facebook.com\/svycarskydumsneznik\" \/>\n<meta property=\"article:modified_time\" content=\"2023-01-26T10:08:03+00:00\" \/>\n<meta property=\"og:image\" content=\"https:\/\/www.svycarsky-dum.cz\/wp-content\/uploads\/2021\/10\/title-effects-dark.svg\" \/>\n<meta name=\"twitter:card\" content=\"summary_large_image\" \/>\n<meta name=\"twitter:label1\" content=\"Gesch\u00e4tzte Lesezeit\" \/>\n\t<meta name=\"twitter:data1\" content=\"6\u00a0Minuten\" \/>\n<script type=\"application\/ld+json\" class=\"yoast-schema-graph\">{\"@context\":\"https:\\\/\\\/schema.org\",\"@graph\":[{\"@type\":\"WebPage\",\"@id\":\"https:\\\/\\\/www.svycarsky-dum.cz\\\/de\\\/cookie-politik\\\/\",\"url\":\"https:\\\/\\\/www.svycarsky-dum.cz\\\/de\\\/cookie-politik\\\/\",\"name\":\"Cookie Politik - Das Hotel Schweizer Hof\",\"isPartOf\":{\"@id\":\"https:\\\/\\\/www.svycarsky-dum.cz\\\/#website\"},\"primaryImageOfPage\":{\"@id\":\"https:\\\/\\\/www.svycarsky-dum.cz\\\/de\\\/cookie-politik\\\/#primaryimage\"},\"image\":{\"@id\":\"https:\\\/\\\/www.svycarsky-dum.cz\\\/de\\\/cookie-politik\\\/#primaryimage\"},\"thumbnailUrl\":\"https:\\\/\\\/www.svycarsky-dum.cz\\\/wp-content\\\/uploads\\\/2021\\\/10\\\/title-effects-dark.svg\",\"datePublished\":\"2023-01-26T09:24:42+00:00\",\"dateModified\":\"2023-01-26T10:08:03+00:00\",\"breadcrumb\":{\"@id\":\"https:\\\/\\\/www.svycarsky-dum.cz\\\/de\\\/cookie-politik\\\/#breadcrumb\"},\"inLanguage\":\"de\",\"potentialAction\":[{\"@type\":\"ReadAction\",\"target\":[\"https:\\\/\\\/www.svycarsky-dum.cz\\\/de\\\/cookie-politik\\\/\"]}]},{\"@type\":\"ImageObject\",\"inLanguage\":\"de\",\"@id\":\"https:\\\/\\\/www.svycarsky-dum.cz\\\/de\\\/cookie-politik\\\/#primaryimage\",\"url\":\"https:\\\/\\\/www.svycarsky-dum.cz\\\/wp-content\\\/uploads\\\/2021\\\/10\\\/title-effects-dark.svg\",\"contentUrl\":\"https:\\\/\\\/www.svycarsky-dum.cz\\\/wp-content\\\/uploads\\\/2021\\\/10\\\/title-effects-dark.svg\"},{\"@type\":\"BreadcrumbList\",\"@id\":\"https:\\\/\\\/www.svycarsky-dum.cz\\\/de\\\/cookie-politik\\\/#breadcrumb\",\"itemListElement\":[{\"@type\":\"ListItem\",\"position\":1,\"name\":\"Dom\u016f\",\"item\":\"https:\\\/\\\/www.svycarsky-dum.cz\\\/de\\\/\"},{\"@type\":\"ListItem\",\"position\":2,\"name\":\"Cookie Politik\"}]},{\"@type\":\"WebSite\",\"@id\":\"https:\\\/\\\/www.svycarsky-dum.cz\\\/#website\",\"url\":\"https:\\\/\\\/www.svycarsky-dum.cz\\\/\",\"name\":\"Hotel a penzion \u0160v\u00fdcarsk\u00fd d\u016fm\",\"description\":\"\",\"publisher\":{\"@id\":\"https:\\\/\\\/www.svycarsky-dum.cz\\\/#organization\"},\"potentialAction\":[{\"@type\":\"SearchAction\",\"target\":{\"@type\":\"EntryPoint\",\"urlTemplate\":\"https:\\\/\\\/www.svycarsky-dum.cz\\\/?s={search_term_string}\"},\"query-input\":{\"@type\":\"PropertyValueSpecification\",\"valueRequired\":true,\"valueName\":\"search_term_string\"}}],\"inLanguage\":\"de\"},{\"@type\":\"Organization\",\"@id\":\"https:\\\/\\\/www.svycarsky-dum.cz\\\/#organization\",\"name\":\"Hotel a penzion \u0160v\u00fdcarsk\u00fd d\u016fm\",\"url\":\"https:\\\/\\\/www.svycarsky-dum.cz\\\/\",\"logo\":{\"@type\":\"ImageObject\",\"inLanguage\":\"de\",\"@id\":\"https:\\\/\\\/www.svycarsky-dum.cz\\\/#\\\/schema\\\/logo\\\/image\\\/\",\"url\":\"https:\\\/\\\/www.svycarsky-dum.cz\\\/wp-content\\\/uploads\\\/2022\\\/02\\\/Logo3.svg\",\"contentUrl\":\"https:\\\/\\\/www.svycarsky-dum.cz\\\/wp-content\\\/uploads\\\/2022\\\/02\\\/Logo3.svg\",\"width\":155,\"height\":107,\"caption\":\"Hotel a penzion \u0160v\u00fdcarsk\u00fd d\u016fm\"},\"image\":{\"@id\":\"https:\\\/\\\/www.svycarsky-dum.cz\\\/#\\\/schema\\\/logo\\\/image\\\/\"},\"sameAs\":[\"https:\\\/\\\/www.facebook.com\\\/svycarskydumsneznik\"]}]}<\/script>\n<!-- \/ Yoast SEO plugin. -->","yoast_head_json":{"title":"Cookie Politik - Das Hotel Schweizer Hof","robots":{"index":"index","follow":"follow","max-snippet":"max-snippet:-1","max-image-preview":"max-image-preview:large","max-video-preview":"max-video-preview:-1"},"canonical":"https:\/\/www.svycarsky-dum.cz\/de\/cookie-politik\/","og_locale":"de_DE","og_type":"article","og_title":"Cookie Politik - Das Hotel Schweizer Hof","og_description":"COOKIE POLITIK","og_url":"https:\/\/www.svycarsky-dum.cz\/de\/cookie-politik\/","og_site_name":"Das Hotel Schweizer Hof","article_publisher":"https:\/\/www.facebook.com\/svycarskydumsneznik","article_modified_time":"2023-01-26T10:08:03+00:00","og_image":[{"url":"https:\/\/www.svycarsky-dum.cz\/wp-content\/uploads\/2021\/10\/title-effects-dark.svg","type":"","width":"","height":""}],"twitter_card":"summary_large_image","twitter_misc":{"Gesch\u00e4tzte Lesezeit":"6\u00a0Minuten"},"schema":{"@context":"https:\/\/schema.org","@graph":[{"@type":"WebPage","@id":"https:\/\/www.svycarsky-dum.cz\/de\/cookie-politik\/","url":"https:\/\/www.svycarsky-dum.cz\/de\/cookie-politik\/","name":"Cookie Politik - Das Hotel Schweizer Hof","isPartOf":{"@id":"https:\/\/www.svycarsky-dum.cz\/#website"},"primaryImageOfPage":{"@id":"https:\/\/www.svycarsky-dum.cz\/de\/cookie-politik\/#primaryimage"},"image":{"@id":"https:\/\/www.svycarsky-dum.cz\/de\/cookie-politik\/#primaryimage"},"thumbnailUrl":"https:\/\/www.svycarsky-dum.cz\/wp-content\/uploads\/2021\/10\/title-effects-dark.svg","datePublished":"2023-01-26T09:24:42+00:00","dateModified":"2023-01-26T10:08:03+00:00","breadcrumb":{"@id":"https:\/\/www.svycarsky-dum.cz\/de\/cookie-politik\/#breadcrumb"},"inLanguage":"de","potentialAction":[{"@type":"ReadAction","target":["https:\/\/www.svycarsky-dum.cz\/de\/cookie-politik\/"]}]},{"@type":"ImageObject","inLanguage":"de","@id":"https:\/\/www.svycarsky-dum.cz\/de\/cookie-politik\/#primaryimage","url":"https:\/\/www.svycarsky-dum.cz\/wp-content\/uploads\/2021\/10\/title-effects-dark.svg","contentUrl":"https:\/\/www.svycarsky-dum.cz\/wp-content\/uploads\/2021\/10\/title-effects-dark.svg"},{"@type":"BreadcrumbList","@id":"https:\/\/www.svycarsky-dum.cz\/de\/cookie-politik\/#breadcrumb","itemListElement":[{"@type":"ListItem","position":1,"name":"Dom\u016f","item":"https:\/\/www.svycarsky-dum.cz\/de\/"},{"@type":"ListItem","position":2,"name":"Cookie Politik"}]},{"@type":"WebSite","@id":"https:\/\/www.svycarsky-dum.cz\/#website","url":"https:\/\/www.svycarsky-dum.cz\/","name":"Hotel a penzion \u0160v\u00fdcarsk\u00fd d\u016fm","description":"","publisher":{"@id":"https:\/\/www.svycarsky-dum.cz\/#organization"},"potentialAction":[{"@type":"SearchAction","target":{"@type":"EntryPoint","urlTemplate":"https:\/\/www.svycarsky-dum.cz\/?s={search_term_string}"},"query-input":{"@type":"PropertyValueSpecification","valueRequired":true,"valueName":"search_term_string"}}],"inLanguage":"de"},{"@type":"Organization","@id":"https:\/\/www.svycarsky-dum.cz\/#organization","name":"Hotel a penzion \u0160v\u00fdcarsk\u00fd d\u016fm","url":"https:\/\/www.svycarsky-dum.cz\/","logo":{"@type":"ImageObject","inLanguage":"de","@id":"https:\/\/www.svycarsky-dum.cz\/#\/schema\/logo\/image\/","url":"https:\/\/www.svycarsky-dum.cz\/wp-content\/uploads\/2022\/02\/Logo3.svg","contentUrl":"https:\/\/www.svycarsky-dum.cz\/wp-content\/uploads\/2022\/02\/Logo3.svg","width":155,"height":107,"caption":"Hotel a penzion \u0160v\u00fdcarsk\u00fd d\u016fm"},"image":{"@id":"https:\/\/www.svycarsky-dum.cz\/#\/schema\/logo\/image\/"},"sameAs":["https:\/\/www.facebook.com\/svycarskydumsneznik"]}]}},"_links":{"self":[{"href":"https:\/\/www.svycarsky-dum.cz\/de\/wp-json\/wp\/v2\/pages\/4457","targetHints":{"allow":["GET"]}}],"collection":[{"href":"https:\/\/www.svycarsky-dum.cz\/de\/wp-json\/wp\/v2\/pages"}],"about":[{"href":"https:\/\/www.svycarsky-dum.cz\/de\/wp-json\/wp\/v2\/types\/page"}],"author":[{"embeddable":true,"href":"https:\/\/www.svycarsky-dum.cz\/de\/wp-json\/wp\/v2\/users\/3"}],"replies":[{"embeddable":true,"href":"https:\/\/www.svycarsky-dum.cz\/de\/wp-json\/wp\/v2\/comments?post=4457"}],"version-history":[{"count":4,"href":"https:\/\/www.svycarsky-dum.cz\/de\/wp-json\/wp\/v2\/pages\/4457\/revisions"}],"predecessor-version":[{"id":4461,"href":"https:\/\/www.svycarsky-dum.cz\/de\/wp-json\/wp\/v2\/pages\/4457\/revisions\/4461"}],"wp:attachment":[{"href":"https:\/\/www.svycarsky-dum.cz\/de\/wp-json\/wp\/v2\/media?parent=4457"}],"curies":[{"name":"wp","href":"https:\/\/api.w.org\/{rel}","templated":true}]}}