{"id":4450,"date":"2023-01-26T10:24:42","date_gmt":"2023-01-26T09:24:42","guid":{"rendered":"https:\/\/www.svycarsky-dum.cz\/gdpr\/"},"modified":"2023-01-26T11:05:57","modified_gmt":"2023-01-26T10:05:57","slug":"gdpr","status":"publish","type":"page","link":"https:\/\/www.svycarsky-dum.cz\/de\/gdpr\/","title":{"rendered":"GDPR"},"content":{"rendered":"\t\t<div data-elementor-type=\"wp-page\" data-elementor-id=\"4450\" class=\"elementor elementor-4450 elementor-4414\">\n\t\t\t\t\t\t<section class=\"elementor-section elementor-top-section elementor-element elementor-element-753151d elementor-section-boxed elementor-section-height-default elementor-section-height-default\" data-id=\"753151d\" data-element_type=\"section\" data-e-type=\"section\">\n\t\t\t\t\t\t<div class=\"elementor-container elementor-column-gap-no\">\n\t\t\t\t\t<div class=\"elementor-column elementor-col-100 elementor-top-column elementor-element elementor-element-63cd418\" data-id=\"63cd418\" data-element_type=\"column\" data-e-type=\"column\">\n\t\t\t<div class=\"elementor-widget-wrap elementor-element-populated\">\n\t\t\t\t\t\t<div class=\"elementor-element elementor-element-be55a55 elementor-widget elementor-widget-image\" data-id=\"be55a55\" data-element_type=\"widget\" data-e-type=\"widget\" data-widget_type=\"image.default\">\n\t\t\t\t<div class=\"elementor-widget-container\">\n\t\t\t\t\t\t\t\t\t\t\t\t\t\t\t<img decoding=\"async\" width=\"15\" height=\"76\" src=\"https:\/\/www.svycarsky-dum.cz\/wp-content\/uploads\/2021\/10\/title-effects-dark.svg\" class=\"attachment-large size-large wp-image-1666\" alt=\"\" \/>\t\t\t\t\t\t\t\t\t\t\t\t\t\t\t<\/div>\n\t\t\t\t<\/div>\n\t\t\t\t<div class=\"elementor-element elementor-element-3d9b11c elementor-view-default elementor-position-top elementor-widget elementor-widget-themo-header\" data-id=\"3d9b11c\" data-element_type=\"widget\" data-e-type=\"widget\" data-widget_type=\"themo-header.default\">\n\t\t\t\t<div class=\"elementor-widget-container\">\n\t\t\t\t\t\t\t<div class=\"th-header-wrap\">\n        <div class=\"elementor-icon-box-wrapper \">\n                            <div class=\"elementor-icon-box-content\">\n                    <h2 class=\"elementor-icon-box-title\">\n                        ERKL\u00c4RUNG ZUM DATENSCHUTZ                    <\/h2>\n                                        <p class=\"elementor-icon-box-description\"><\/p>\n\n                                    <\/div>\n            <\/div>\n\n        <\/div>\n\n\t\t\t\t\t\t<\/div>\n\t\t\t\t<\/div>\n\t\t\t\t\t<\/div>\n\t\t<\/div>\n\t\t\t\t\t<\/div>\n\t\t<\/section>\n\t\t\t\t<section class=\"elementor-section elementor-top-section elementor-element elementor-element-6a215180 elementor-section-boxed elementor-section-height-default elementor-section-height-default\" data-id=\"6a215180\" data-element_type=\"section\" data-e-type=\"section\">\n\t\t\t\t\t\t<div class=\"elementor-container elementor-column-gap-default\">\n\t\t\t\t\t<div class=\"elementor-column elementor-col-100 elementor-top-column elementor-element elementor-element-28f0f89d\" data-id=\"28f0f89d\" data-element_type=\"column\" data-e-type=\"column\">\n\t\t\t<div class=\"elementor-widget-wrap elementor-element-populated\">\n\t\t\t\t\t\t<div class=\"elementor-element elementor-element-710cbb8 elementor-widget elementor-widget-shortcode\" data-id=\"710cbb8\" data-element_type=\"widget\" data-e-type=\"widget\" data-widget_type=\"shortcode.default\">\n\t\t\t\t<div class=\"elementor-widget-container\">\n\t\t\t\t\t\t\t<div class=\"elementor-shortcode\">Region EU not activated for privacy-statement.<\/div>\n\t\t\t\t\t\t<\/div>\n\t\t\t\t<\/div>\n\t\t\t\t\t<\/div>\n\t\t<\/div>\n\t\t\t\t\t<\/div>\n\t\t<\/section>\n\t\t\t\t<\/div>\n\t\t","protected":false},"excerpt":{"rendered":"<p>ERKL\u00c4RUNG ZUM DATENSCHUTZ<\/p>\n","protected":false},"author":3,"featured_media":0,"parent":0,"menu_order":0,"comment_status":"closed","ping_status":"closed","template":"","meta":{"footnotes":""},"class_list":["post-4450","page","type-page","status-publish","hentry"],"yoast_head":"<!-- This site is optimized with the Yoast SEO plugin v27.4 - https:\/\/yoast.com\/product\/yoast-seo-wordpress\/ -->\n<title>GDPR - Das Hotel Schweizer Hof<\/title>\n<meta name=\"robots\" content=\"index, follow, max-snippet:-1, max-image-preview:large, max-video-preview:-1\" \/>\n<link rel=\"canonical\" href=\"https:\/\/www.svycarsky-dum.cz\/de\/gdpr\/\" \/>\n<meta property=\"og:locale\" content=\"de_DE\" \/>\n<meta property=\"og:type\" content=\"article\" \/>\n<meta property=\"og:title\" content=\"GDPR - Das Hotel Schweizer Hof\" \/>\n<meta property=\"og:description\" content=\"ERKL\u00c4RUNG ZUM DATENSCHUTZ\" \/>\n<meta property=\"og:url\" content=\"https:\/\/www.svycarsky-dum.cz\/de\/gdpr\/\" \/>\n<meta property=\"og:site_name\" content=\"Das Hotel Schweizer Hof\" \/>\n<meta property=\"article:publisher\" content=\"https:\/\/www.facebook.com\/svycarskydumsneznik\" \/>\n<meta property=\"article:modified_time\" content=\"2023-01-26T10:05:57+00:00\" \/>\n<meta property=\"og:image\" content=\"https:\/\/www.svycarsky-dum.cz\/wp-content\/uploads\/2021\/10\/title-effects-dark.svg\" \/>\n<meta name=\"twitter:card\" content=\"summary_large_image\" \/>\n<meta name=\"twitter:label1\" content=\"Gesch\u00e4tzte Lesezeit\" \/>\n\t<meta name=\"twitter:data1\" content=\"4\u00a0Minuten\" \/>\n<script type=\"application\/ld+json\" class=\"yoast-schema-graph\">{\"@context\":\"https:\\\/\\\/schema.org\",\"@graph\":[{\"@type\":\"WebPage\",\"@id\":\"https:\\\/\\\/www.svycarsky-dum.cz\\\/de\\\/gdpr\\\/\",\"url\":\"https:\\\/\\\/www.svycarsky-dum.cz\\\/de\\\/gdpr\\\/\",\"name\":\"GDPR - Das Hotel Schweizer Hof\",\"isPartOf\":{\"@id\":\"https:\\\/\\\/www.svycarsky-dum.cz\\\/#website\"},\"primaryImageOfPage\":{\"@id\":\"https:\\\/\\\/www.svycarsky-dum.cz\\\/de\\\/gdpr\\\/#primaryimage\"},\"image\":{\"@id\":\"https:\\\/\\\/www.svycarsky-dum.cz\\\/de\\\/gdpr\\\/#primaryimage\"},\"thumbnailUrl\":\"https:\\\/\\\/www.svycarsky-dum.cz\\\/wp-content\\\/uploads\\\/2021\\\/10\\\/title-effects-dark.svg\",\"datePublished\":\"2023-01-26T09:24:42+00:00\",\"dateModified\":\"2023-01-26T10:05:57+00:00\",\"breadcrumb\":{\"@id\":\"https:\\\/\\\/www.svycarsky-dum.cz\\\/de\\\/gdpr\\\/#breadcrumb\"},\"inLanguage\":\"de\",\"potentialAction\":[{\"@type\":\"ReadAction\",\"target\":[\"https:\\\/\\\/www.svycarsky-dum.cz\\\/de\\\/gdpr\\\/\"]}]},{\"@type\":\"ImageObject\",\"inLanguage\":\"de\",\"@id\":\"https:\\\/\\\/www.svycarsky-dum.cz\\\/de\\\/gdpr\\\/#primaryimage\",\"url\":\"https:\\\/\\\/www.svycarsky-dum.cz\\\/wp-content\\\/uploads\\\/2021\\\/10\\\/title-effects-dark.svg\",\"contentUrl\":\"https:\\\/\\\/www.svycarsky-dum.cz\\\/wp-content\\\/uploads\\\/2021\\\/10\\\/title-effects-dark.svg\"},{\"@type\":\"BreadcrumbList\",\"@id\":\"https:\\\/\\\/www.svycarsky-dum.cz\\\/de\\\/gdpr\\\/#breadcrumb\",\"itemListElement\":[{\"@type\":\"ListItem\",\"position\":1,\"name\":\"Dom\u016f\",\"item\":\"https:\\\/\\\/www.svycarsky-dum.cz\\\/de\\\/\"},{\"@type\":\"ListItem\",\"position\":2,\"name\":\"GDPR\"}]},{\"@type\":\"WebSite\",\"@id\":\"https:\\\/\\\/www.svycarsky-dum.cz\\\/#website\",\"url\":\"https:\\\/\\\/www.svycarsky-dum.cz\\\/\",\"name\":\"Hotel a penzion \u0160v\u00fdcarsk\u00fd d\u016fm\",\"description\":\"\",\"publisher\":{\"@id\":\"https:\\\/\\\/www.svycarsky-dum.cz\\\/#organization\"},\"potentialAction\":[{\"@type\":\"SearchAction\",\"target\":{\"@type\":\"EntryPoint\",\"urlTemplate\":\"https:\\\/\\\/www.svycarsky-dum.cz\\\/?s={search_term_string}\"},\"query-input\":{\"@type\":\"PropertyValueSpecification\",\"valueRequired\":true,\"valueName\":\"search_term_string\"}}],\"inLanguage\":\"de\"},{\"@type\":\"Organization\",\"@id\":\"https:\\\/\\\/www.svycarsky-dum.cz\\\/#organization\",\"name\":\"Hotel a penzion \u0160v\u00fdcarsk\u00fd d\u016fm\",\"url\":\"https:\\\/\\\/www.svycarsky-dum.cz\\\/\",\"logo\":{\"@type\":\"ImageObject\",\"inLanguage\":\"de\",\"@id\":\"https:\\\/\\\/www.svycarsky-dum.cz\\\/#\\\/schema\\\/logo\\\/image\\\/\",\"url\":\"https:\\\/\\\/www.svycarsky-dum.cz\\\/wp-content\\\/uploads\\\/2022\\\/02\\\/Logo3.svg\",\"contentUrl\":\"https:\\\/\\\/www.svycarsky-dum.cz\\\/wp-content\\\/uploads\\\/2022\\\/02\\\/Logo3.svg\",\"width\":155,\"height\":107,\"caption\":\"Hotel a penzion \u0160v\u00fdcarsk\u00fd d\u016fm\"},\"image\":{\"@id\":\"https:\\\/\\\/www.svycarsky-dum.cz\\\/#\\\/schema\\\/logo\\\/image\\\/\"},\"sameAs\":[\"https:\\\/\\\/www.facebook.com\\\/svycarskydumsneznik\"]}]}<\/script>\n<!-- \/ Yoast SEO plugin. -->","yoast_head_json":{"title":"GDPR - Das Hotel Schweizer Hof","robots":{"index":"index","follow":"follow","max-snippet":"max-snippet:-1","max-image-preview":"max-image-preview:large","max-video-preview":"max-video-preview:-1"},"canonical":"https:\/\/www.svycarsky-dum.cz\/de\/gdpr\/","og_locale":"de_DE","og_type":"article","og_title":"GDPR - Das Hotel Schweizer Hof","og_description":"ERKL\u00c4RUNG ZUM DATENSCHUTZ","og_url":"https:\/\/www.svycarsky-dum.cz\/de\/gdpr\/","og_site_name":"Das Hotel Schweizer Hof","article_publisher":"https:\/\/www.facebook.com\/svycarskydumsneznik","article_modified_time":"2023-01-26T10:05:57+00:00","og_image":[{"url":"https:\/\/www.svycarsky-dum.cz\/wp-content\/uploads\/2021\/10\/title-effects-dark.svg","type":"","width":"","height":""}],"twitter_card":"summary_large_image","twitter_misc":{"Gesch\u00e4tzte Lesezeit":"4\u00a0Minuten"},"schema":{"@context":"https:\/\/schema.org","@graph":[{"@type":"WebPage","@id":"https:\/\/www.svycarsky-dum.cz\/de\/gdpr\/","url":"https:\/\/www.svycarsky-dum.cz\/de\/gdpr\/","name":"GDPR - Das Hotel Schweizer Hof","isPartOf":{"@id":"https:\/\/www.svycarsky-dum.cz\/#website"},"primaryImageOfPage":{"@id":"https:\/\/www.svycarsky-dum.cz\/de\/gdpr\/#primaryimage"},"image":{"@id":"https:\/\/www.svycarsky-dum.cz\/de\/gdpr\/#primaryimage"},"thumbnailUrl":"https:\/\/www.svycarsky-dum.cz\/wp-content\/uploads\/2021\/10\/title-effects-dark.svg","datePublished":"2023-01-26T09:24:42+00:00","dateModified":"2023-01-26T10:05:57+00:00","breadcrumb":{"@id":"https:\/\/www.svycarsky-dum.cz\/de\/gdpr\/#breadcrumb"},"inLanguage":"de","potentialAction":[{"@type":"ReadAction","target":["https:\/\/www.svycarsky-dum.cz\/de\/gdpr\/"]}]},{"@type":"ImageObject","inLanguage":"de","@id":"https:\/\/www.svycarsky-dum.cz\/de\/gdpr\/#primaryimage","url":"https:\/\/www.svycarsky-dum.cz\/wp-content\/uploads\/2021\/10\/title-effects-dark.svg","contentUrl":"https:\/\/www.svycarsky-dum.cz\/wp-content\/uploads\/2021\/10\/title-effects-dark.svg"},{"@type":"BreadcrumbList","@id":"https:\/\/www.svycarsky-dum.cz\/de\/gdpr\/#breadcrumb","itemListElement":[{"@type":"ListItem","position":1,"name":"Dom\u016f","item":"https:\/\/www.svycarsky-dum.cz\/de\/"},{"@type":"ListItem","position":2,"name":"GDPR"}]},{"@type":"WebSite","@id":"https:\/\/www.svycarsky-dum.cz\/#website","url":"https:\/\/www.svycarsky-dum.cz\/","name":"Hotel a penzion \u0160v\u00fdcarsk\u00fd d\u016fm","description":"","publisher":{"@id":"https:\/\/www.svycarsky-dum.cz\/#organization"},"potentialAction":[{"@type":"SearchAction","target":{"@type":"EntryPoint","urlTemplate":"https:\/\/www.svycarsky-dum.cz\/?s={search_term_string}"},"query-input":{"@type":"PropertyValueSpecification","valueRequired":true,"valueName":"search_term_string"}}],"inLanguage":"de"},{"@type":"Organization","@id":"https:\/\/www.svycarsky-dum.cz\/#organization","name":"Hotel a penzion \u0160v\u00fdcarsk\u00fd d\u016fm","url":"https:\/\/www.svycarsky-dum.cz\/","logo":{"@type":"ImageObject","inLanguage":"de","@id":"https:\/\/www.svycarsky-dum.cz\/#\/schema\/logo\/image\/","url":"https:\/\/www.svycarsky-dum.cz\/wp-content\/uploads\/2022\/02\/Logo3.svg","contentUrl":"https:\/\/www.svycarsky-dum.cz\/wp-content\/uploads\/2022\/02\/Logo3.svg","width":155,"height":107,"caption":"Hotel a penzion \u0160v\u00fdcarsk\u00fd d\u016fm"},"image":{"@id":"https:\/\/www.svycarsky-dum.cz\/#\/schema\/logo\/image\/"},"sameAs":["https:\/\/www.facebook.com\/svycarskydumsneznik"]}]}},"_links":{"self":[{"href":"https:\/\/www.svycarsky-dum.cz\/de\/wp-json\/wp\/v2\/pages\/4450","targetHints":{"allow":["GET"]}}],"collection":[{"href":"https:\/\/www.svycarsky-dum.cz\/de\/wp-json\/wp\/v2\/pages"}],"about":[{"href":"https:\/\/www.svycarsky-dum.cz\/de\/wp-json\/wp\/v2\/types\/page"}],"author":[{"embeddable":true,"href":"https:\/\/www.svycarsky-dum.cz\/de\/wp-json\/wp\/v2\/users\/3"}],"replies":[{"embeddable":true,"href":"https:\/\/www.svycarsky-dum.cz\/de\/wp-json\/wp\/v2\/comments?post=4450"}],"version-history":[{"count":4,"href":"https:\/\/www.svycarsky-dum.cz\/de\/wp-json\/wp\/v2\/pages\/4450\/revisions"}],"predecessor-version":[{"id":4454,"href":"https:\/\/www.svycarsky-dum.cz\/de\/wp-json\/wp\/v2\/pages\/4450\/revisions\/4454"}],"wp:attachment":[{"href":"https:\/\/www.svycarsky-dum.cz\/de\/wp-json\/wp\/v2\/media?parent=4450"}],"curies":[{"name":"wp","href":"https:\/\/api.w.org\/{rel}","templated":true}]}}