{"id":3489,"date":"2022-02-24T10:47:10","date_gmt":"2022-02-24T09:47:10","guid":{"rendered":"https:\/\/svycarskydum.softmedia.cz\/kontakty\/"},"modified":"2023-01-28T08:04:17","modified_gmt":"2023-01-28T07:04:17","slug":"kontakte","status":"publish","type":"page","link":"https:\/\/www.svycarsky-dum.cz\/de\/kontakte\/","title":{"rendered":"Kontakte"},"content":{"rendered":"<p><svg xmlns=\"http:\/\/www.w3.org\/2000\/svg\" width=\"15\" height=\"76\" viewBox=\"0 0 15 76\" fill=\"none\"><rect x=\"7\" width=\"1\" height=\"76\" fill=\"#1C1715\"><\/rect><rect x=\"14\" y=\"36\" width=\"1\" height=\"40\" fill=\"#1C1715\"><\/rect><rect y=\"57\" width=\"1\" height=\"19\" fill=\"#1C1715\"><\/rect><\/svg>\t\t\t<\/p>\n<h2>Das Hotel Schweizerhof<\/h2>\n<p>\n\t\t\t\t\t\t+420 736 669 018 \u2013 \u00dcbernachtung<br \/>\n<br \/>+420 739 105 594 \u2013 Restaurant\t\t\t\t\t<\/p>\n<p>\n\t\t\t\t\t\tinfo@schweizerhof.cz\t\t\t\t\t<\/p>\n<p>\n\t\t\t\t\t\t\u0160v\u00fdcarsk\u00fd d\u016fm, Sn\u011b\u017en\u00edk&nbsp;105, 405&nbsp;02, po\u0161ta J\u00edlov\u00e9\t\t\t\t\t<\/p>\n<p>\t\t\t<iframe loading=\"lazy\"\n\t\t\t\t\tsrc=\"https:\/\/maps.google.com\/maps?q=%C5%A0v%C3%BDcarsk%C3%BD%20d%C5%AFm%2C%20Sn%C4%9B%C5%BEn%C3%ADk%20105%2C%20405%2002%2C%20po%C5%A1ta%20J%C3%ADlov%C3%A9&#038;t=m&#038;z=10&#038;output=embed&#038;iwloc=near\"\n\t\t\t\t\ttitle=\"\u0160v\u00fdcarsk\u00fd d\u016fm, Sn\u011b\u017en\u00edk 105, 405 02, po\u0161ta J\u00edlov\u00e9\"\n\t\t\t\t\taria-label=\"\u0160v\u00fdcarsk\u00fd d\u016fm, Sn\u011b\u017en\u00edk 105, 405 02, po\u0161ta J\u00edlov\u00e9\"\n\t\t\t><\/iframe><br \/>\n\t\t\t<svg xmlns=\"http:\/\/www.w3.org\/2000\/svg\" width=\"15\" height=\"76\" viewBox=\"0 0 15 76\" fill=\"none\"><rect x=\"7\" width=\"1\" height=\"76\" fill=\"#1C1715\"><\/rect><rect x=\"14\" y=\"36\" width=\"1\" height=\"40\" fill=\"#1C1715\"><\/rect><rect y=\"57\" width=\"1\" height=\"19\" fill=\"#1C1715\"><\/rect><\/svg>\t\t\t<\/p>\n<h2>Schreiben Sie uns<\/h2>\n<div class=\"forminator-ui forminator-custom-form forminator-custom-form-3294 forminator-design--flat  forminator_ajax\" data-forminator-render=\"0\" data-form=\"forminator-module-3294\" data-uid=\"69e7f758a8671\"><br\/><\/div><form\n\t\t\t\tid=\"forminator-module-3294\"\n\t\t\t\tclass=\"forminator-ui forminator-custom-form forminator-custom-form-3294 forminator-design--flat  forminator_ajax\"\n\t\t\t\tmethod=\"post\"\n\t\t\t\tdata-forminator-render=\"0\"\n\t\t\t\tdata-form-id=\"3294\"\n\t\t\t\t data-color-option=\"default\" data-design=\"flat\" data-grid=\"open\" style=\"display: none;\"\n\t\t\t\tdata-uid=\"69e7f758a8671\"\n\t\t\t><div role=\"alert\" aria-live=\"polite\" class=\"forminator-response-message forminator-error\" aria-hidden=\"true\"><\/div><div class=\"forminator-row\"><div id=\"name-1\" class=\"forminator-field-name forminator-col forminator-col-6 \"><div class=\"forminator-field\"><input type=\"text\" name=\"name-1\" value=\"\" placeholder=\"Name und Vorname\/Firma *\" id=\"forminator-field-name-1_69e7f758a8671\" class=\"forminator-input forminator-name--field\" aria-required=\"true\" autocomplete=\"name\" \/><\/div><\/div><div id=\"email-1\" class=\"forminator-field-email forminator-col forminator-col-6 \"><div class=\"forminator-field\"><input type=\"email\" name=\"email-1\" value=\"\" placeholder=\"Email *\" id=\"forminator-field-email-1_69e7f758a8671\" class=\"forminator-input forminator-email--field\" data-required=\"true\" aria-required=\"true\" autocomplete=\"email\" \/><\/div><\/div><\/div><div class=\"forminator-row\"><div id=\"text-1\" class=\"forminator-field-text forminator-col forminator-col-6 \"><div class=\"forminator-field\"><input type=\"text\" name=\"text-1\" value=\"\" placeholder=\"Betreff *\" id=\"forminator-field-text-1_69e7f758a8671\" class=\"forminator-input forminator-name--field\" data-required=\"1\" \/><\/div><\/div><div id=\"phone-1\" class=\"forminator-field-phone forminator-col forminator-col-6 \"><div class=\"forminator-field\"><input type=\"text\" name=\"phone-1\" value=\"\" placeholder=\"+49 163 555 1234 *\" id=\"forminator-field-phone-1_69e7f758a8671\" class=\"forminator-input forminator-field--phone\" data-required=\"1\" aria-required=\"true\" autocomplete=\"off\" \/><\/div><\/div><\/div><div class=\"forminator-row\"><div id=\"textarea-1\" class=\"forminator-field-textarea forminator-col forminator-col-12 \"><div class=\"forminator-field\"><textarea name=\"textarea-1\" placeholder=\"Nachricht *\" id=\"forminator-field-textarea-1_69e7f758a8671\" class=\"forminator-textarea\" rows=\"6\" style=\"--forminator-textarea-min-height:140px;\" maxlength=\"180\" ><\/textarea><span id=\"forminator-field-textarea-1_69e7f758a8671-description\" class=\"forminator-description\"><span data-limit=\"180\" data-type=\"characters\" data-editor=\"\">0 \/ 180<\/span><\/span><\/div><\/div><\/div><div class=\"forminator-row\"><div id=\"consent-1\" class=\"forminator-field-consent forminator-col forminator-col-12 \"><div class=\"forminator-field\"><div class=\"forminator-checkbox__wrapper\"><label id=\"forminator-field-consent-1_69e7f758a8671__label\" class=\"forminator-checkbox forminator-consent\"><input type=\"checkbox\" name=\"consent-1\" id=\"forminator-field-consent-1_69e7f758a8671\" value=\"checked\" aria-labelledby=\"forminator-field-consent-1_69e7f758a8671-label\" aria-describedby=\"forminator-field-consent-1_69e7f758a8671__description\" data-required=\"true\" aria-required=\"true\" \/><span class=\"forminator-checkbox-box\" aria-hidden=\"true\"><\/span><\/label><div id=\"forminator-field-consent-1_69e7f758a8671__description\" class=\"forminator-checkbox__label forminator-consent__label\"><p>Ich akzeptiere <a href=\"\/de\/gdpr\/\" target=\"_blank\" rel=\"noopener\">die Datenschutzbestimmungen<\/a><\/p><\/div><\/div><\/div><\/div><\/div><div class=\"forminator-row forminator-hidden\"><div id=\"hidden-1\" class=\"forminator-field-hidden  forminator-col-12 \"><input type=\"hidden\" id=\"hidden-1_69e7f758a8671\" name=\"hidden-1\" value=\"https:\/\/www.svycarsky-dum.cz\/de\/kontakte\/\" \/><\/div><\/div><input type=\"hidden\" name=\"referer_url\" value=\"\" \/><div class=\"forminator-row forminator-row-last\"><div class=\"forminator-col\"><div class=\"forminator-field\"><button class=\"forminator-button forminator-button-submit\">SENDEN<\/button><\/div><\/div><\/div><input type=\"hidden\" id=\"forminator_nonce\" name=\"forminator_nonce\" value=\"018f8d4790\" \/><input type=\"hidden\" name=\"_wp_http_referer\" value=\"\/de\/wp-json\/wp\/v2\/pages\/3489\" \/><input type=\"hidden\" name=\"form_id\" value=\"3294\"><input type=\"hidden\" name=\"page_id\" value=\"3489\"><input type=\"hidden\" name=\"form_type\" value=\"default\"><input type=\"hidden\" name=\"current_url\" value=\"https:\/\/www.svycarsky-dum.cz\/de\/kontakte\/\"><input type=\"hidden\" name=\"render_id\" value=\"0\"><input type=\"hidden\" name=\"action\" value=\"forminator_submit_form_custom-forms\"><\/form>\n","protected":false},"excerpt":{"rendered":"<p>Das Hotel Schweizerhof +420 736 669 018 \u2013 \u00dcbernachtung +420 739 105 594 \u2013 Restaurant info@schweizerhof.cz \u0160v\u00fdcarsk\u00fd d\u016fm, Sn\u011b\u017en\u00edk&nbsp;105, 405&nbsp;02, po\u0161ta J\u00edlov\u00e9 Schreiben Sie uns<\/p>\n","protected":false},"author":3,"featured_media":0,"parent":0,"menu_order":1,"comment_status":"closed","ping_status":"closed","template":"","meta":{"footnotes":""},"class_list":["post-3489","page","type-page","status-publish","hentry"],"yoast_head":"<!-- This site is optimized with the Yoast SEO plugin v27.4 - https:\/\/yoast.com\/product\/yoast-seo-wordpress\/ -->\n<title>Kontakte - Das Hotel Schweizer Hof<\/title>\n<meta name=\"robots\" content=\"index, follow, max-snippet:-1, max-image-preview:large, max-video-preview:-1\" \/>\n<link rel=\"canonical\" href=\"https:\/\/www.svycarsky-dum.cz\/de\/kontakte\/\" \/>\n<meta property=\"og:locale\" content=\"de_DE\" \/>\n<meta property=\"og:type\" content=\"article\" \/>\n<meta property=\"og:title\" content=\"Kontakte - Das Hotel Schweizer Hof\" \/>\n<meta property=\"og:description\" content=\"Das Hotel Schweizerhof +420 736 669 018 \u2013 \u00dcbernachtung +420 739 105 594 \u2013 Restaurant info@schweizerhof.cz \u0160v\u00fdcarsk\u00fd d\u016fm, Sn\u011b\u017en\u00edk&nbsp;105, 405&nbsp;02, po\u0161ta J\u00edlov\u00e9 Schreiben Sie uns\" \/>\n<meta property=\"og:url\" content=\"https:\/\/www.svycarsky-dum.cz\/de\/kontakte\/\" \/>\n<meta property=\"og:site_name\" content=\"Das Hotel Schweizer Hof\" \/>\n<meta property=\"article:publisher\" content=\"https:\/\/www.facebook.com\/svycarskydumsneznik\" \/>\n<meta property=\"article:modified_time\" content=\"2023-01-28T07:04:17+00:00\" \/>\n<meta name=\"twitter:card\" content=\"summary_large_image\" \/>\n<meta name=\"twitter:label1\" content=\"Gesch\u00e4tzte Lesezeit\" \/>\n\t<meta name=\"twitter:data1\" content=\"9\u00a0Minuten\" \/>\n<script type=\"application\/ld+json\" class=\"yoast-schema-graph\">{\"@context\":\"https:\\\/\\\/schema.org\",\"@graph\":[{\"@type\":\"WebPage\",\"@id\":\"https:\\\/\\\/www.svycarsky-dum.cz\\\/de\\\/kontakte\\\/\",\"url\":\"https:\\\/\\\/www.svycarsky-dum.cz\\\/de\\\/kontakte\\\/\",\"name\":\"Kontakte - Das Hotel Schweizer Hof\",\"isPartOf\":{\"@id\":\"https:\\\/\\\/www.svycarsky-dum.cz\\\/#website\"},\"datePublished\":\"2022-02-24T09:47:10+00:00\",\"dateModified\":\"2023-01-28T07:04:17+00:00\",\"breadcrumb\":{\"@id\":\"https:\\\/\\\/www.svycarsky-dum.cz\\\/de\\\/kontakte\\\/#breadcrumb\"},\"inLanguage\":\"de\",\"potentialAction\":[{\"@type\":\"ReadAction\",\"target\":[\"https:\\\/\\\/www.svycarsky-dum.cz\\\/de\\\/kontakte\\\/\"]}]},{\"@type\":\"BreadcrumbList\",\"@id\":\"https:\\\/\\\/www.svycarsky-dum.cz\\\/de\\\/kontakte\\\/#breadcrumb\",\"itemListElement\":[{\"@type\":\"ListItem\",\"position\":1,\"name\":\"Dom\u016f\",\"item\":\"https:\\\/\\\/www.svycarsky-dum.cz\\\/de\\\/\"},{\"@type\":\"ListItem\",\"position\":2,\"name\":\"Kontakte\"}]},{\"@type\":\"WebSite\",\"@id\":\"https:\\\/\\\/www.svycarsky-dum.cz\\\/#website\",\"url\":\"https:\\\/\\\/www.svycarsky-dum.cz\\\/\",\"name\":\"Hotel a penzion \u0160v\u00fdcarsk\u00fd d\u016fm\",\"description\":\"\",\"publisher\":{\"@id\":\"https:\\\/\\\/www.svycarsky-dum.cz\\\/#organization\"},\"potentialAction\":[{\"@type\":\"SearchAction\",\"target\":{\"@type\":\"EntryPoint\",\"urlTemplate\":\"https:\\\/\\\/www.svycarsky-dum.cz\\\/?s={search_term_string}\"},\"query-input\":{\"@type\":\"PropertyValueSpecification\",\"valueRequired\":true,\"valueName\":\"search_term_string\"}}],\"inLanguage\":\"de\"},{\"@type\":\"Organization\",\"@id\":\"https:\\\/\\\/www.svycarsky-dum.cz\\\/#organization\",\"name\":\"Hotel a penzion \u0160v\u00fdcarsk\u00fd d\u016fm\",\"url\":\"https:\\\/\\\/www.svycarsky-dum.cz\\\/\",\"logo\":{\"@type\":\"ImageObject\",\"inLanguage\":\"de\",\"@id\":\"https:\\\/\\\/www.svycarsky-dum.cz\\\/#\\\/schema\\\/logo\\\/image\\\/\",\"url\":\"https:\\\/\\\/www.svycarsky-dum.cz\\\/wp-content\\\/uploads\\\/2022\\\/02\\\/Logo3.svg\",\"contentUrl\":\"https:\\\/\\\/www.svycarsky-dum.cz\\\/wp-content\\\/uploads\\\/2022\\\/02\\\/Logo3.svg\",\"width\":155,\"height\":107,\"caption\":\"Hotel a penzion \u0160v\u00fdcarsk\u00fd d\u016fm\"},\"image\":{\"@id\":\"https:\\\/\\\/www.svycarsky-dum.cz\\\/#\\\/schema\\\/logo\\\/image\\\/\"},\"sameAs\":[\"https:\\\/\\\/www.facebook.com\\\/svycarskydumsneznik\"]}]}<\/script>\n<!-- \/ Yoast SEO plugin. -->","yoast_head_json":{"title":"Kontakte - Das Hotel Schweizer Hof","robots":{"index":"index","follow":"follow","max-snippet":"max-snippet:-1","max-image-preview":"max-image-preview:large","max-video-preview":"max-video-preview:-1"},"canonical":"https:\/\/www.svycarsky-dum.cz\/de\/kontakte\/","og_locale":"de_DE","og_type":"article","og_title":"Kontakte - Das Hotel Schweizer Hof","og_description":"Das Hotel Schweizerhof +420 736 669 018 \u2013 \u00dcbernachtung +420 739 105 594 \u2013 Restaurant info@schweizerhof.cz \u0160v\u00fdcarsk\u00fd d\u016fm, Sn\u011b\u017en\u00edk&nbsp;105, 405&nbsp;02, po\u0161ta J\u00edlov\u00e9 Schreiben Sie uns","og_url":"https:\/\/www.svycarsky-dum.cz\/de\/kontakte\/","og_site_name":"Das Hotel Schweizer Hof","article_publisher":"https:\/\/www.facebook.com\/svycarskydumsneznik","article_modified_time":"2023-01-28T07:04:17+00:00","twitter_card":"summary_large_image","twitter_misc":{"Gesch\u00e4tzte Lesezeit":"9\u00a0Minuten"},"schema":{"@context":"https:\/\/schema.org","@graph":[{"@type":"WebPage","@id":"https:\/\/www.svycarsky-dum.cz\/de\/kontakte\/","url":"https:\/\/www.svycarsky-dum.cz\/de\/kontakte\/","name":"Kontakte - Das Hotel Schweizer Hof","isPartOf":{"@id":"https:\/\/www.svycarsky-dum.cz\/#website"},"datePublished":"2022-02-24T09:47:10+00:00","dateModified":"2023-01-28T07:04:17+00:00","breadcrumb":{"@id":"https:\/\/www.svycarsky-dum.cz\/de\/kontakte\/#breadcrumb"},"inLanguage":"de","potentialAction":[{"@type":"ReadAction","target":["https:\/\/www.svycarsky-dum.cz\/de\/kontakte\/"]}]},{"@type":"BreadcrumbList","@id":"https:\/\/www.svycarsky-dum.cz\/de\/kontakte\/#breadcrumb","itemListElement":[{"@type":"ListItem","position":1,"name":"Dom\u016f","item":"https:\/\/www.svycarsky-dum.cz\/de\/"},{"@type":"ListItem","position":2,"name":"Kontakte"}]},{"@type":"WebSite","@id":"https:\/\/www.svycarsky-dum.cz\/#website","url":"https:\/\/www.svycarsky-dum.cz\/","name":"Hotel a penzion \u0160v\u00fdcarsk\u00fd d\u016fm","description":"","publisher":{"@id":"https:\/\/www.svycarsky-dum.cz\/#organization"},"potentialAction":[{"@type":"SearchAction","target":{"@type":"EntryPoint","urlTemplate":"https:\/\/www.svycarsky-dum.cz\/?s={search_term_string}"},"query-input":{"@type":"PropertyValueSpecification","valueRequired":true,"valueName":"search_term_string"}}],"inLanguage":"de"},{"@type":"Organization","@id":"https:\/\/www.svycarsky-dum.cz\/#organization","name":"Hotel a penzion \u0160v\u00fdcarsk\u00fd d\u016fm","url":"https:\/\/www.svycarsky-dum.cz\/","logo":{"@type":"ImageObject","inLanguage":"de","@id":"https:\/\/www.svycarsky-dum.cz\/#\/schema\/logo\/image\/","url":"https:\/\/www.svycarsky-dum.cz\/wp-content\/uploads\/2022\/02\/Logo3.svg","contentUrl":"https:\/\/www.svycarsky-dum.cz\/wp-content\/uploads\/2022\/02\/Logo3.svg","width":155,"height":107,"caption":"Hotel a penzion \u0160v\u00fdcarsk\u00fd d\u016fm"},"image":{"@id":"https:\/\/www.svycarsky-dum.cz\/#\/schema\/logo\/image\/"},"sameAs":["https:\/\/www.facebook.com\/svycarskydumsneznik"]}]}},"_links":{"self":[{"href":"https:\/\/www.svycarsky-dum.cz\/de\/wp-json\/wp\/v2\/pages\/3489","targetHints":{"allow":["GET"]}}],"collection":[{"href":"https:\/\/www.svycarsky-dum.cz\/de\/wp-json\/wp\/v2\/pages"}],"about":[{"href":"https:\/\/www.svycarsky-dum.cz\/de\/wp-json\/wp\/v2\/types\/page"}],"author":[{"embeddable":true,"href":"https:\/\/www.svycarsky-dum.cz\/de\/wp-json\/wp\/v2\/users\/3"}],"replies":[{"embeddable":true,"href":"https:\/\/www.svycarsky-dum.cz\/de\/wp-json\/wp\/v2\/comments?post=3489"}],"version-history":[{"count":26,"href":"https:\/\/www.svycarsky-dum.cz\/de\/wp-json\/wp\/v2\/pages\/3489\/revisions"}],"predecessor-version":[{"id":4600,"href":"https:\/\/www.svycarsky-dum.cz\/de\/wp-json\/wp\/v2\/pages\/3489\/revisions\/4600"}],"wp:attachment":[{"href":"https:\/\/www.svycarsky-dum.cz\/de\/wp-json\/wp\/v2\/media?parent=3489"}],"curies":[{"name":"wp","href":"https:\/\/api.w.org\/{rel}","templated":true}]}}