{"id":3474,"date":"2022-02-24T15:05:30","date_gmt":"2022-02-24T14:05:30","guid":{"rendered":"https:\/\/svycarskydum.softmedia.cz\/akce\/"},"modified":"2023-01-25T09:29:35","modified_gmt":"2023-01-25T08:29:35","slug":"akce","status":"publish","type":"page","link":"https:\/\/www.svycarsky-dum.cz\/de\/akce\/","title":{"rendered":"Veranstaltungen"},"content":{"rendered":"\t\t<div data-elementor-type=\"wp-page\" data-elementor-id=\"3474\" class=\"elementor elementor-3474 elementor-1569\">\n\t\t\t\t\t\t<section class=\"elementor-section elementor-top-section elementor-element elementor-element-ec568ad elementor-section-boxed elementor-section-height-default elementor-section-height-default\" data-id=\"ec568ad\" data-element_type=\"section\" data-e-type=\"section\" data-settings=\"{&quot;background_background&quot;:&quot;classic&quot;}\">\n\t\t\t\t\t\t<div class=\"elementor-container elementor-column-gap-default\">\n\t\t\t\t\t<div class=\"elementor-column elementor-col-100 elementor-top-column elementor-element elementor-element-8871f26\" data-id=\"8871f26\" data-element_type=\"column\" data-e-type=\"column\">\n\t\t\t<div class=\"elementor-widget-wrap elementor-element-populated\">\n\t\t\t\t\t\t<div class=\"elementor-element elementor-element-b843efb elementor-widget elementor-widget-image\" data-id=\"b843efb\" data-element_type=\"widget\" data-e-type=\"widget\" data-widget_type=\"image.default\">\n\t\t\t\t<div class=\"elementor-widget-container\">\n\t\t\t\t\t\t\t\t\t\t\t\t\t\t\t<img decoding=\"async\" width=\"15\" height=\"76\" src=\"https:\/\/www.svycarsky-dum.cz\/wp-content\/uploads\/2021\/10\/title-effects-dark.svg\" class=\"attachment-large size-large wp-image-1666\" alt=\"\" \/>\t\t\t\t\t\t\t\t\t\t\t\t\t\t\t<\/div>\n\t\t\t\t<\/div>\n\t\t\t\t<div class=\"elementor-element elementor-element-c88877f elementor-widget elementor-widget-heading\" data-id=\"c88877f\" data-element_type=\"widget\" data-e-type=\"widget\" data-widget_type=\"heading.default\">\n\t\t\t\t<div class=\"elementor-widget-container\">\n\t\t\t\t\t<h2 class=\"elementor-heading-title elementor-size-default\">Veranstaltungen<\/h2>\t\t\t\t<\/div>\n\t\t\t\t<\/div>\n\t\t\t\t\t<\/div>\n\t\t<\/div>\n\t\t\t\t\t<\/div>\n\t\t<\/section>\n\t\t\t\t<section class=\"elementor-section elementor-top-section elementor-element elementor-element-c47f293 elementor-section-boxed elementor-section-height-default elementor-section-height-default\" data-id=\"c47f293\" data-element_type=\"section\" data-e-type=\"section\">\n\t\t\t\t\t\t<div class=\"elementor-container elementor-column-gap-default\">\n\t\t\t\t\t<div class=\"elementor-column elementor-col-100 elementor-top-column elementor-element elementor-element-da63399\" data-id=\"da63399\" data-element_type=\"column\" data-e-type=\"column\">\n\t\t\t<div class=\"elementor-widget-wrap elementor-element-populated\">\n\t\t\t\t\t\t<div class=\"elementor-element elementor-element-404ca83 wellness_list elementor-widget elementor-widget-themo-accommodation-listing\" data-id=\"404ca83\" data-element_type=\"widget\" data-e-type=\"widget\" data-widget_type=\"themo-accommodation-listing.default\">\n\t\t\t\t<div class=\"elementor-widget-container\">\n\t\t\t\t\t<div class=\"elementor-row thmv-style-4\">\n\n            \n            \n\n            <div class=\"thmv-column elementor-column thmv-column-25 thmv-column-tablet-50 thmv-column-mobile-100\">\n                <div class=\"elementor-widget-wrap\">\n                                        <div class=\"thmv-grid  elementor-element\">\n                        <div class=\"thmv-grid-img\">\n                                                                                                <img fetchpriority=\"high\" decoding=\"async\" width=\"394\" height=\"303\" src=\"https:\/\/www.svycarsky-dum.cz\/wp-content\/uploads\/2022\/05\/280378780_5462216110477542_5453779171130626711_n-394x303.jpg\" class=\"attachment-th_img_sm_landscape size-th_img_sm_landscape wp-image-3161\" alt=\"\" srcset=\"https:\/\/www.svycarsky-dum.cz\/wp-content\/uploads\/2022\/05\/280378780_5462216110477542_5453779171130626711_n-394x303.jpg 394w, https:\/\/www.svycarsky-dum.cz\/wp-content\/uploads\/2022\/05\/280378780_5462216110477542_5453779171130626711_n-605x465.jpg 605w\" sizes=\"(max-width: 394px) 100vw, 394px\" \/>                                        \n                            \n                              \n\n                            \n                                \n                                \n                <div class=\"thmv-price \">\n                                                                <div class=\"price\">Geschenkgutscheine<\/div>\n                                                        <\/div>\n                                                         \n                        <\/div>\n\n                                    <div class=\"thmv-info\">\n\n                                                                                                    \n                                \n                                                                                                                        <p class=\"thmv-description\">Toller Geschenktipp. Machen Sie Ihren Freunden eine Freude und kaufen Sie einen Geschenkgutschein f\u00fcr Dienstleistungen im Hotel.<\/p>\n                            \n                                                           \n\n                            <div class=\"\">\n                                                <div>\n                                        <a class=\"thmv-btn btn btn-1 th-btn btn-standard-light\" href=\"\/de\/geschenkgutscheine\">\n                Weitere Informationen \u27f6                                                                                    <\/a>\n                                    <\/div>\n                                             \n                            <\/div>\n                                \n                                    <\/div>\n                    <\/div>\n                <\/div>\n\n            <\/div>\n\n\n            \n\n            \n            \n\n            <div class=\"thmv-column elementor-column thmv-column-25 thmv-column-tablet-50 thmv-column-mobile-100\">\n                <div class=\"elementor-widget-wrap\">\n                                        <div class=\"thmv-grid  elementor-element\">\n                        <div class=\"thmv-grid-img\">\n                                                                                                <img decoding=\"async\" width=\"394\" height=\"303\" src=\"https:\/\/www.svycarsky-dum.cz\/wp-content\/uploads\/2022\/02\/wedding-394x303.jpg\" class=\"attachment-th_img_sm_landscape size-th_img_sm_landscape wp-image-1510\" alt=\"\" srcset=\"https:\/\/www.svycarsky-dum.cz\/wp-content\/uploads\/2022\/02\/wedding-394x303.jpg 394w, https:\/\/www.svycarsky-dum.cz\/wp-content\/uploads\/2022\/02\/wedding-605x465.jpg 605w\" sizes=\"(max-width: 394px) 100vw, 394px\" \/>                                        \n                            \n                              \n\n                            \n                                \n                                \n                <div class=\"thmv-price \">\n                                                                <div class=\"price\">Hochzeiten<\/div>\n                                                        <\/div>\n                                                         \n                        <\/div>\n\n                                    <div class=\"thmv-info\">\n\n                                                                                                    \n                                \n                                                                                                                        <p class=\"thmv-description\">Die sch\u00f6ne Natur und der romantische Ort des Schweizer Hofes sind f\u00fcr die Veranstaltung von Hochzeiten und eines Festessens wie geschaffen.<\/p>\n                            \n                                                           \n\n                            <div class=\"\">\n                                                <div>\n                                        <a class=\"thmv-btn btn btn-1 th-btn btn-standard-light\" href=\"\/de\/hochzeiten\">\n                Weitere Informationen \u27f6                                                                                    <\/a>\n                                    <\/div>\n                                             \n                            <\/div>\n                                \n                                    <\/div>\n                    <\/div>\n                <\/div>\n\n            <\/div>\n\n\n            \n\n            \n            \n\n            <div class=\"thmv-column elementor-column thmv-column-25 thmv-column-tablet-50 thmv-column-mobile-100\">\n                <div class=\"elementor-widget-wrap\">\n                                        <div class=\"thmv-grid  elementor-element\">\n                        <div class=\"thmv-grid-img\">\n                                                                                                <img loading=\"lazy\" decoding=\"async\" width=\"394\" height=\"303\" src=\"https:\/\/www.svycarsky-dum.cz\/wp-content\/uploads\/2022\/02\/party-394x303.jpg\" class=\"attachment-th_img_sm_landscape size-th_img_sm_landscape wp-image-1882\" alt=\"\" srcset=\"https:\/\/www.svycarsky-dum.cz\/wp-content\/uploads\/2022\/02\/party-394x303.jpg 394w, https:\/\/www.svycarsky-dum.cz\/wp-content\/uploads\/2022\/02\/party-605x465.jpg 605w\" sizes=\"(max-width: 394px) 100vw, 394px\" \/>                                        \n                            \n                              \n\n                            \n                                \n                                \n                <div class=\"thmv-price \">\n                                                                <div class=\"price\">Teambuilding<\/div>\n                                                        <\/div>\n                                                         \n                        <\/div>\n\n                                    <div class=\"thmv-info\">\n\n                                                                                                    \n                                \n                                                                                                                        <p class=\"thmv-description\">Bereiten Sie f\u00fcr Ihre Mitarbeiter einige unvergessliche Tage inmitten der Sch\u00f6nheiten der B\u00f6hmischen Schweiz im Hotel \u0160v\u00fdcarsk\u00fd d\u016fm vor.<\/p>\n                            \n                                                           \n\n                            <div class=\"\">\n                                                <div>\n                                        <a class=\"thmv-btn btn btn-1 th-btn btn-standard-light\" href=\"\/de\/teambuilding\">\n                Weitere Informationen \u27f6                                                                                    <\/a>\n                                    <\/div>\n                                             \n                            <\/div>\n                                \n                                    <\/div>\n                    <\/div>\n                <\/div>\n\n            <\/div>\n\n\n            \n\n            \n            \n\n            <div class=\"thmv-column elementor-column thmv-column-25 thmv-column-tablet-50 thmv-column-mobile-100\">\n                <div class=\"elementor-widget-wrap\">\n                                        <div class=\"thmv-grid  elementor-element\">\n                        <div class=\"thmv-grid-img\">\n                                                                                                <img loading=\"lazy\" decoding=\"async\" width=\"394\" height=\"303\" src=\"https:\/\/www.svycarsky-dum.cz\/wp-content\/uploads\/2022\/02\/akce-394x303.jpg\" class=\"attachment-th_img_sm_landscape size-th_img_sm_landscape wp-image-1572\" alt=\"\" srcset=\"https:\/\/www.svycarsky-dum.cz\/wp-content\/uploads\/2022\/02\/akce-394x303.jpg 394w, https:\/\/www.svycarsky-dum.cz\/wp-content\/uploads\/2022\/02\/akce-605x465.jpg 605w\" sizes=\"(max-width: 394px) 100vw, 394px\" \/>                                        \n                            \n                              \n\n                            \n                                \n                                \n                <div class=\"thmv-price \">\n                                                                <div class=\"price\">Besondere Angebote<\/div>\n                                                        <\/div>\n                                                         \n                        <\/div>\n\n                                    <div class=\"thmv-info\">\n\n                                                                                                    \n                                \n                                                                                                                        <p class=\"thmv-description\">Lorem ipsum dolor sit amet, consectetuer adipiscing elit fusce nibh. Duis ante orci, molestie vitae vehicu. Consectetuer adipiscing elit fusce.<\/p>\n                            \n                                                           \n\n                            <div class=\"\">\n                                                <div>\n                                        <a class=\"thmv-btn btn btn-1 th-btn btn-standard-light\" href=\"\/de\/besondere-angebote\/\">\n                Weitere Informationen \u27f6                                                                                    <\/a>\n                                    <\/div>\n                                             \n                            <\/div>\n                                \n                                    <\/div>\n                    <\/div>\n                <\/div>\n\n            <\/div>\n\n\n            <\/div>\n\n\n        \t\t\t\t<\/div>\n\t\t\t\t<\/div>\n\t\t\t\t\t<\/div>\n\t\t<\/div>\n\t\t\t\t\t<\/div>\n\t\t<\/section>\n\t\t\t\t<\/div>\n\t\t","protected":false},"excerpt":{"rendered":"<p>Veranstaltungen Geschenkgutscheine Toller&hellip;<\/p>\n","protected":false},"author":3,"featured_media":0,"parent":0,"menu_order":0,"comment_status":"closed","ping_status":"closed","template":"","meta":{"footnotes":""},"class_list":["post-3474","page","type-page","status-publish","hentry"],"yoast_head":"<!-- This site is optimized with the Yoast SEO plugin v27.4 - https:\/\/yoast.com\/product\/yoast-seo-wordpress\/ -->\n<title>Veranstaltungen - Das Hotel Schweizer Hof<\/title>\n<meta name=\"robots\" content=\"index, follow, max-snippet:-1, max-image-preview:large, max-video-preview:-1\" \/>\n<link rel=\"canonical\" href=\"https:\/\/www.svycarsky-dum.cz\/de\/akce\/\" \/>\n<meta property=\"og:locale\" content=\"de_DE\" \/>\n<meta property=\"og:type\" content=\"article\" \/>\n<meta property=\"og:title\" content=\"Veranstaltungen - Das Hotel Schweizer Hof\" \/>\n<meta property=\"og:description\" content=\"Veranstaltungen Geschenkgutscheine Toller&hellip;\" \/>\n<meta property=\"og:url\" content=\"https:\/\/www.svycarsky-dum.cz\/de\/akce\/\" \/>\n<meta property=\"og:site_name\" content=\"Das Hotel Schweizer Hof\" \/>\n<meta property=\"article:publisher\" content=\"https:\/\/www.facebook.com\/svycarskydumsneznik\" \/>\n<meta property=\"article:modified_time\" content=\"2023-01-25T08:29:35+00:00\" \/>\n<meta property=\"og:image\" content=\"https:\/\/www.svycarsky-dum.cz\/wp-content\/uploads\/2021\/10\/title-effects-dark.svg\" \/>\n<meta name=\"twitter:card\" content=\"summary_large_image\" \/>\n<script type=\"application\/ld+json\" class=\"yoast-schema-graph\">{\"@context\":\"https:\\\/\\\/schema.org\",\"@graph\":[{\"@type\":\"WebPage\",\"@id\":\"https:\\\/\\\/www.svycarsky-dum.cz\\\/de\\\/akce\\\/\",\"url\":\"https:\\\/\\\/www.svycarsky-dum.cz\\\/de\\\/akce\\\/\",\"name\":\"Veranstaltungen - Das Hotel Schweizer Hof\",\"isPartOf\":{\"@id\":\"https:\\\/\\\/www.svycarsky-dum.cz\\\/#website\"},\"primaryImageOfPage\":{\"@id\":\"https:\\\/\\\/www.svycarsky-dum.cz\\\/de\\\/akce\\\/#primaryimage\"},\"image\":{\"@id\":\"https:\\\/\\\/www.svycarsky-dum.cz\\\/de\\\/akce\\\/#primaryimage\"},\"thumbnailUrl\":\"https:\\\/\\\/www.svycarsky-dum.cz\\\/wp-content\\\/uploads\\\/2021\\\/10\\\/title-effects-dark.svg\",\"datePublished\":\"2022-02-24T14:05:30+00:00\",\"dateModified\":\"2023-01-25T08:29:35+00:00\",\"breadcrumb\":{\"@id\":\"https:\\\/\\\/www.svycarsky-dum.cz\\\/de\\\/akce\\\/#breadcrumb\"},\"inLanguage\":\"de\",\"potentialAction\":[{\"@type\":\"ReadAction\",\"target\":[\"https:\\\/\\\/www.svycarsky-dum.cz\\\/de\\\/akce\\\/\"]}]},{\"@type\":\"ImageObject\",\"inLanguage\":\"de\",\"@id\":\"https:\\\/\\\/www.svycarsky-dum.cz\\\/de\\\/akce\\\/#primaryimage\",\"url\":\"https:\\\/\\\/www.svycarsky-dum.cz\\\/wp-content\\\/uploads\\\/2021\\\/10\\\/title-effects-dark.svg\",\"contentUrl\":\"https:\\\/\\\/www.svycarsky-dum.cz\\\/wp-content\\\/uploads\\\/2021\\\/10\\\/title-effects-dark.svg\"},{\"@type\":\"BreadcrumbList\",\"@id\":\"https:\\\/\\\/www.svycarsky-dum.cz\\\/de\\\/akce\\\/#breadcrumb\",\"itemListElement\":[{\"@type\":\"ListItem\",\"position\":1,\"name\":\"Dom\u016f\",\"item\":\"https:\\\/\\\/www.svycarsky-dum.cz\\\/de\\\/\"},{\"@type\":\"ListItem\",\"position\":2,\"name\":\"Veranstaltungen\"}]},{\"@type\":\"WebSite\",\"@id\":\"https:\\\/\\\/www.svycarsky-dum.cz\\\/#website\",\"url\":\"https:\\\/\\\/www.svycarsky-dum.cz\\\/\",\"name\":\"Hotel a penzion \u0160v\u00fdcarsk\u00fd d\u016fm\",\"description\":\"\",\"publisher\":{\"@id\":\"https:\\\/\\\/www.svycarsky-dum.cz\\\/#organization\"},\"potentialAction\":[{\"@type\":\"SearchAction\",\"target\":{\"@type\":\"EntryPoint\",\"urlTemplate\":\"https:\\\/\\\/www.svycarsky-dum.cz\\\/?s={search_term_string}\"},\"query-input\":{\"@type\":\"PropertyValueSpecification\",\"valueRequired\":true,\"valueName\":\"search_term_string\"}}],\"inLanguage\":\"de\"},{\"@type\":\"Organization\",\"@id\":\"https:\\\/\\\/www.svycarsky-dum.cz\\\/#organization\",\"name\":\"Hotel a penzion \u0160v\u00fdcarsk\u00fd d\u016fm\",\"url\":\"https:\\\/\\\/www.svycarsky-dum.cz\\\/\",\"logo\":{\"@type\":\"ImageObject\",\"inLanguage\":\"de\",\"@id\":\"https:\\\/\\\/www.svycarsky-dum.cz\\\/#\\\/schema\\\/logo\\\/image\\\/\",\"url\":\"https:\\\/\\\/www.svycarsky-dum.cz\\\/wp-content\\\/uploads\\\/2022\\\/02\\\/Logo3.svg\",\"contentUrl\":\"https:\\\/\\\/www.svycarsky-dum.cz\\\/wp-content\\\/uploads\\\/2022\\\/02\\\/Logo3.svg\",\"width\":155,\"height\":107,\"caption\":\"Hotel a penzion \u0160v\u00fdcarsk\u00fd d\u016fm\"},\"image\":{\"@id\":\"https:\\\/\\\/www.svycarsky-dum.cz\\\/#\\\/schema\\\/logo\\\/image\\\/\"},\"sameAs\":[\"https:\\\/\\\/www.facebook.com\\\/svycarskydumsneznik\"]}]}<\/script>\n<!-- \/ Yoast SEO plugin. -->","yoast_head_json":{"title":"Veranstaltungen - Das Hotel Schweizer Hof","robots":{"index":"index","follow":"follow","max-snippet":"max-snippet:-1","max-image-preview":"max-image-preview:large","max-video-preview":"max-video-preview:-1"},"canonical":"https:\/\/www.svycarsky-dum.cz\/de\/akce\/","og_locale":"de_DE","og_type":"article","og_title":"Veranstaltungen - Das Hotel Schweizer Hof","og_description":"Veranstaltungen Geschenkgutscheine Toller&hellip;","og_url":"https:\/\/www.svycarsky-dum.cz\/de\/akce\/","og_site_name":"Das Hotel Schweizer Hof","article_publisher":"https:\/\/www.facebook.com\/svycarskydumsneznik","article_modified_time":"2023-01-25T08:29:35+00:00","og_image":[{"url":"https:\/\/www.svycarsky-dum.cz\/wp-content\/uploads\/2021\/10\/title-effects-dark.svg","type":"","width":"","height":""}],"twitter_card":"summary_large_image","schema":{"@context":"https:\/\/schema.org","@graph":[{"@type":"WebPage","@id":"https:\/\/www.svycarsky-dum.cz\/de\/akce\/","url":"https:\/\/www.svycarsky-dum.cz\/de\/akce\/","name":"Veranstaltungen - Das Hotel Schweizer Hof","isPartOf":{"@id":"https:\/\/www.svycarsky-dum.cz\/#website"},"primaryImageOfPage":{"@id":"https:\/\/www.svycarsky-dum.cz\/de\/akce\/#primaryimage"},"image":{"@id":"https:\/\/www.svycarsky-dum.cz\/de\/akce\/#primaryimage"},"thumbnailUrl":"https:\/\/www.svycarsky-dum.cz\/wp-content\/uploads\/2021\/10\/title-effects-dark.svg","datePublished":"2022-02-24T14:05:30+00:00","dateModified":"2023-01-25T08:29:35+00:00","breadcrumb":{"@id":"https:\/\/www.svycarsky-dum.cz\/de\/akce\/#breadcrumb"},"inLanguage":"de","potentialAction":[{"@type":"ReadAction","target":["https:\/\/www.svycarsky-dum.cz\/de\/akce\/"]}]},{"@type":"ImageObject","inLanguage":"de","@id":"https:\/\/www.svycarsky-dum.cz\/de\/akce\/#primaryimage","url":"https:\/\/www.svycarsky-dum.cz\/wp-content\/uploads\/2021\/10\/title-effects-dark.svg","contentUrl":"https:\/\/www.svycarsky-dum.cz\/wp-content\/uploads\/2021\/10\/title-effects-dark.svg"},{"@type":"BreadcrumbList","@id":"https:\/\/www.svycarsky-dum.cz\/de\/akce\/#breadcrumb","itemListElement":[{"@type":"ListItem","position":1,"name":"Dom\u016f","item":"https:\/\/www.svycarsky-dum.cz\/de\/"},{"@type":"ListItem","position":2,"name":"Veranstaltungen"}]},{"@type":"WebSite","@id":"https:\/\/www.svycarsky-dum.cz\/#website","url":"https:\/\/www.svycarsky-dum.cz\/","name":"Hotel a penzion \u0160v\u00fdcarsk\u00fd d\u016fm","description":"","publisher":{"@id":"https:\/\/www.svycarsky-dum.cz\/#organization"},"potentialAction":[{"@type":"SearchAction","target":{"@type":"EntryPoint","urlTemplate":"https:\/\/www.svycarsky-dum.cz\/?s={search_term_string}"},"query-input":{"@type":"PropertyValueSpecification","valueRequired":true,"valueName":"search_term_string"}}],"inLanguage":"de"},{"@type":"Organization","@id":"https:\/\/www.svycarsky-dum.cz\/#organization","name":"Hotel a penzion \u0160v\u00fdcarsk\u00fd d\u016fm","url":"https:\/\/www.svycarsky-dum.cz\/","logo":{"@type":"ImageObject","inLanguage":"de","@id":"https:\/\/www.svycarsky-dum.cz\/#\/schema\/logo\/image\/","url":"https:\/\/www.svycarsky-dum.cz\/wp-content\/uploads\/2022\/02\/Logo3.svg","contentUrl":"https:\/\/www.svycarsky-dum.cz\/wp-content\/uploads\/2022\/02\/Logo3.svg","width":155,"height":107,"caption":"Hotel a penzion \u0160v\u00fdcarsk\u00fd d\u016fm"},"image":{"@id":"https:\/\/www.svycarsky-dum.cz\/#\/schema\/logo\/image\/"},"sameAs":["https:\/\/www.facebook.com\/svycarskydumsneznik"]}]}},"_links":{"self":[{"href":"https:\/\/www.svycarsky-dum.cz\/de\/wp-json\/wp\/v2\/pages\/3474","targetHints":{"allow":["GET"]}}],"collection":[{"href":"https:\/\/www.svycarsky-dum.cz\/de\/wp-json\/wp\/v2\/pages"}],"about":[{"href":"https:\/\/www.svycarsky-dum.cz\/de\/wp-json\/wp\/v2\/types\/page"}],"author":[{"embeddable":true,"href":"https:\/\/www.svycarsky-dum.cz\/de\/wp-json\/wp\/v2\/users\/3"}],"replies":[{"embeddable":true,"href":"https:\/\/www.svycarsky-dum.cz\/de\/wp-json\/wp\/v2\/comments?post=3474"}],"version-history":[{"count":13,"href":"https:\/\/www.svycarsky-dum.cz\/de\/wp-json\/wp\/v2\/pages\/3474\/revisions"}],"predecessor-version":[{"id":4407,"href":"https:\/\/www.svycarsky-dum.cz\/de\/wp-json\/wp\/v2\/pages\/3474\/revisions\/4407"}],"wp:attachment":[{"href":"https:\/\/www.svycarsky-dum.cz\/de\/wp-json\/wp\/v2\/media?parent=3474"}],"curies":[{"name":"wp","href":"https:\/\/api.w.org\/{rel}","templated":true}]}}