{"id":3301,"date":"2022-02-24T10:35:21","date_gmt":"2022-02-24T09:35:21","guid":{"rendered":"https:\/\/svycarskydum.softmedia.cz\/infrasauna\/"},"modified":"2022-06-02T11:12:17","modified_gmt":"2022-06-02T09:12:17","slug":"infrasauna","status":"publish","type":"page","link":"https:\/\/www.svycarsky-dum.cz\/de\/infrasauna\/","title":{"rendered":"Infrasauna"},"content":{"rendered":"\t\t<div data-elementor-type=\"wp-page\" data-elementor-id=\"3301\" class=\"elementor elementor-3301 elementor-1295\">\n\t\t\t\t\t\t<section class=\"elementor-section elementor-top-section elementor-element elementor-element-e9fb79b elementor-section-boxed elementor-section-height-default elementor-section-height-default\" data-id=\"e9fb79b\" data-element_type=\"section\" data-e-type=\"section\">\n\t\t\t\t\t\t<div class=\"elementor-container elementor-column-gap-no\">\n\t\t\t\t\t<div class=\"elementor-column elementor-col-100 elementor-top-column elementor-element elementor-element-2661bfc\" data-id=\"2661bfc\" data-element_type=\"column\" data-e-type=\"column\">\n\t\t\t<div class=\"elementor-widget-wrap elementor-element-populated\">\n\t\t\t\t\t\t<div class=\"elementor-element elementor-element-1483abd elementor-widget elementor-widget-image\" data-id=\"1483abd\" data-element_type=\"widget\" data-e-type=\"widget\" data-widget_type=\"image.default\">\n\t\t\t\t<div class=\"elementor-widget-container\">\n\t\t\t\t\t\t\t\t\t\t\t\t\t\t\t<img decoding=\"async\" width=\"15\" height=\"76\" src=\"https:\/\/www.svycarsky-dum.cz\/wp-content\/uploads\/2021\/10\/title-effects-dark.svg\" class=\"attachment-large size-large wp-image-1666\" alt=\"\" \/>\t\t\t\t\t\t\t\t\t\t\t\t\t\t\t<\/div>\n\t\t\t\t<\/div>\n\t\t\t\t<div class=\"elementor-element elementor-element-63cc1bb elementor-widget elementor-widget-heading\" data-id=\"63cc1bb\" data-element_type=\"widget\" data-e-type=\"widget\" data-widget_type=\"heading.default\">\n\t\t\t\t<div class=\"elementor-widget-container\">\n\t\t\t\t\t<h2 class=\"elementor-heading-title elementor-size-default\">INFRASAUNA<\/h2>\t\t\t\t<\/div>\n\t\t\t\t<\/div>\n\t\t\t\t\t<\/div>\n\t\t<\/div>\n\t\t\t\t\t<\/div>\n\t\t<\/section>\n\t\t\t\t<section class=\"elementor-section elementor-top-section elementor-element elementor-element-69b2a1d elementor-section-boxed elementor-section-height-default elementor-section-height-default\" data-id=\"69b2a1d\" data-element_type=\"section\" data-e-type=\"section\">\n\t\t\t\t\t\t<div class=\"elementor-container elementor-column-gap-no\">\n\t\t\t\t\t<div class=\"elementor-column elementor-col-50 elementor-top-column elementor-element elementor-element-7cccbaa\" data-id=\"7cccbaa\" data-element_type=\"column\" data-e-type=\"column\">\n\t\t\t<div class=\"elementor-widget-wrap elementor-element-populated\">\n\t\t\t\t\t\t<div class=\"elementor-element elementor-element-fa56e9d elementor-widget elementor-widget-text-editor\" data-id=\"fa56e9d\" data-element_type=\"widget\" data-e-type=\"widget\" data-widget_type=\"text-editor.default\">\n\t\t\t\t<div class=\"elementor-widget-container\">\n\t\t\t\t\t\t\t\t\t<p>Im Gegensatz zu finnischen Saunen erw\u00e4rmen Infrarotsaunen nicht die Luft, sondern\u00a0<strong>w\u00e4rmen den K\u00f6rper von innen<\/strong>. Infrarotstrahlung wirkt tief auf das K\u00f6rpergewebe ein, w\u00e4hrend die hei\u00dfe Luft in der finnischen Sauna haupts\u00e4chlich auf die Oberfl\u00e4chenschichten des K\u00f6rpers einwirkt.<\/p><p>Infrarot-Saunen k\u00f6nnen auch von denen genutzt werden, die aus gesundheitlichen Gr\u00fcnden nicht in die klassische Sauna gehen k\u00f6nnen. Der Aufenthalt in der Infrarotsauna belastet den menschlichen K\u00f6rper deutlich weniger als in der finnischen Sauna mit Temperaturen zwischen 85 und 100 Grad Celsius.<\/p>\t\t\t\t\t\t\t\t<\/div>\n\t\t\t\t<\/div>\n\t\t\t\t\t<\/div>\n\t\t<\/div>\n\t\t\t\t<div class=\"elementor-column elementor-col-50 elementor-top-column elementor-element elementor-element-6c1b3fd\" data-id=\"6c1b3fd\" data-element_type=\"column\" data-e-type=\"column\">\n\t\t\t<div class=\"elementor-widget-wrap elementor-element-populated\">\n\t\t\t\t\t\t<div class=\"elementor-element elementor-element-c87be0b elementor-widget elementor-widget-image\" data-id=\"c87be0b\" data-element_type=\"widget\" data-e-type=\"widget\" data-widget_type=\"image.default\">\n\t\t\t\t<div class=\"elementor-widget-container\">\n\t\t\t\t\t\t\t\t\t\t\t\t\t\t\t<img fetchpriority=\"high\" decoding=\"async\" width=\"1536\" height=\"2048\" src=\"https:\/\/www.svycarsky-dum.cz\/wp-content\/uploads\/2022\/05\/279965258_380411794019305_4678391198321676765_n.jpg\" class=\"attachment-full size-full wp-image-3153\" alt=\"\" srcset=\"https:\/\/www.svycarsky-dum.cz\/wp-content\/uploads\/2022\/05\/279965258_380411794019305_4678391198321676765_n.jpg 1536w, https:\/\/www.svycarsky-dum.cz\/wp-content\/uploads\/2022\/05\/279965258_380411794019305_4678391198321676765_n-225x300.jpg 225w, https:\/\/www.svycarsky-dum.cz\/wp-content\/uploads\/2022\/05\/279965258_380411794019305_4678391198321676765_n-768x1024.jpg 768w, https:\/\/www.svycarsky-dum.cz\/wp-content\/uploads\/2022\/05\/279965258_380411794019305_4678391198321676765_n-1152x1536.jpg 1152w, https:\/\/www.svycarsky-dum.cz\/wp-content\/uploads\/2022\/05\/279965258_380411794019305_4678391198321676765_n-72x96.jpg 72w, https:\/\/www.svycarsky-dum.cz\/wp-content\/uploads\/2022\/05\/279965258_380411794019305_4678391198321676765_n-60x80.jpg 60w, https:\/\/www.svycarsky-dum.cz\/wp-content\/uploads\/2022\/05\/279965258_380411794019305_4678391198321676765_n-227x303.jpg 227w, https:\/\/www.svycarsky-dum.cz\/wp-content\/uploads\/2022\/05\/279965258_380411794019305_4678391198321676765_n-605x806.jpg 605w, https:\/\/www.svycarsky-dum.cz\/wp-content\/uploads\/2022\/05\/279965258_380411794019305_4678391198321676765_n-525x700.jpg 525w, https:\/\/www.svycarsky-dum.cz\/wp-content\/uploads\/2022\/05\/279965258_380411794019305_4678391198321676765_n-713x950.jpg 713w, https:\/\/www.svycarsky-dum.cz\/wp-content\/uploads\/2022\/05\/279965258_380411794019305_4678391198321676765_n-810x1080.jpg 810w\" sizes=\"(max-width: 1536px) 100vw, 1536px\" \/>\t\t\t\t\t\t\t\t\t\t\t\t\t\t\t<\/div>\n\t\t\t\t<\/div>\n\t\t\t\t\t<\/div>\n\t\t<\/div>\n\t\t\t\t\t<\/div>\n\t\t<\/section>\n\t\t\t\t<section class=\"elementor-section elementor-top-section elementor-element elementor-element-8f8424e elementor-section-boxed elementor-section-height-default elementor-section-height-default\" data-id=\"8f8424e\" data-element_type=\"section\" data-e-type=\"section\" data-settings=\"{&quot;background_background&quot;:&quot;classic&quot;}\">\n\t\t\t\t\t\t<div class=\"elementor-container elementor-column-gap-no\">\n\t\t\t\t\t<div class=\"elementor-column elementor-col-100 elementor-top-column elementor-element elementor-element-c6111c6\" data-id=\"c6111c6\" data-element_type=\"column\" data-e-type=\"column\">\n\t\t\t<div class=\"elementor-widget-wrap elementor-element-populated\">\n\t\t\t\t\t\t<div class=\"elementor-element elementor-element-3451449 elementor-widget elementor-widget-heading\" data-id=\"3451449\" data-element_type=\"widget\" data-e-type=\"widget\" data-widget_type=\"heading.default\">\n\t\t\t\t<div class=\"elementor-widget-container\">\n\t\t\t\t\t<h2 class=\"elementor-heading-title elementor-size-default\">BESTELLUNGEN<\/h2>\t\t\t\t<\/div>\n\t\t\t\t<\/div>\n\t\t\t\t<div class=\"elementor-element elementor-element-b3f8347 elementor-widget elementor-widget-text-editor\" data-id=\"b3f8347\" data-element_type=\"widget\" data-e-type=\"widget\" data-widget_type=\"text-editor.default\">\n\t\t\t\t<div class=\"elementor-widget-container\">\n\t\t\t\t\t\t\t\t\t<div class=\"forminator-ui forminator-custom-form forminator-custom-form-3312 forminator-design--flat  forminator_ajax\" data-forminator-render=\"0\" data-form=\"forminator-module-3312\" data-uid=\"69e7fc4a0be4b\"><br\/><\/div><form\n\t\t\t\tid=\"forminator-module-3312\"\n\t\t\t\tclass=\"forminator-ui forminator-custom-form forminator-custom-form-3312 forminator-design--flat  forminator_ajax\"\n\t\t\t\tmethod=\"post\"\n\t\t\t\tdata-forminator-render=\"0\"\n\t\t\t\tdata-form-id=\"3312\"\n\t\t\t\t data-color-option=\"default\" data-design=\"flat\" data-grid=\"open\" style=\"display: none;\"\n\t\t\t\tdata-uid=\"69e7fc4a0be4b\"\n\t\t\t><div role=\"alert\" aria-live=\"polite\" class=\"forminator-response-message forminator-error\" aria-hidden=\"true\"><\/div><div class=\"forminator-row\"><div id=\"name-1\" class=\"forminator-field-name forminator-col forminator-col-12 \"><div class=\"forminator-field\"><input type=\"text\" name=\"name-1\" value=\"\" placeholder=\"Name und Vorname \/ Firma *\" id=\"forminator-field-name-1_69e7fc4a0be4b\" class=\"forminator-input forminator-name--field\" aria-required=\"true\" autocomplete=\"name\" \/><\/div><\/div><\/div><div class=\"forminator-row\"><div id=\"email-1\" class=\"forminator-field-email forminator-col forminator-col-6 \"><div class=\"forminator-field\"><input type=\"email\" name=\"email-1\" value=\"\" placeholder=\"Email *\" id=\"forminator-field-email-1_69e7fc4a0be4b\" class=\"forminator-input forminator-email--field\" data-required=\"true\" aria-required=\"true\" autocomplete=\"email\" \/><\/div><\/div><div id=\"phone-1\" class=\"forminator-field-phone forminator-col forminator-col-6 \"><div class=\"forminator-field\"><input type=\"text\" name=\"phone-1\" value=\"\" placeholder=\"Telefon\" id=\"forminator-field-phone-1_69e7fc4a0be4b\" class=\"forminator-input forminator-field--phone\" data-required=\"\" aria-required=\"false\" autocomplete=\"off\" \/><\/div><\/div><\/div><div class=\"forminator-row\"><div id=\"select-1\" class=\"forminator-field-select forminator-col forminator-col-12 \"><div class=\"forminator-field\"><select  id=\"forminator-form-3312__field--select-1_69e7fc4a0be4b\" class=\"forminator-select--field forminator-select2 forminator-select2-multiple\" data-required=\"1\" name=\"select-1\" data-default-value=\"\" data-placeholder=\"Prozedur \/ Gutschein *\" data-search=\"false\" data-search-placeholder=\"Prozedur \/ Gutschein *\" data-checkbox=\"false\" data-allow-clear=\"false\" aria-labelledby=\"forminator-form-3312__field--select-1_69e7fc4a0be4b-label\"><option value=\"\"  >Prozedur \/ Gutschein *<\/option><option value=\"Bierbad\"  data-calculation=\"0\">Bierbad<\/option><option value=\"Sprudelbad-in-der-Eichenwanne\"  data-calculation=\"0\">Sprudelbad in der Eichenwanne<\/option><option value=\"Finnische-Sauna\"  data-calculation=\"0\">Finnische Sauna<\/option><option value=\"Infrasauna\"  data-calculation=\"0\">Infrasauna<\/option><option value=\"Gutschein-im-werte-von-40,--\u20ac\"  data-calculation=\"0\">Gutschein im werte von 40,- \u20ac<\/option><option value=\"Gutschein-im-werte-von-80,--\u20ac\"  data-calculation=\"0\">Gutschein im werte von 80,- \u20ac<\/option><option value=\"Gutschein-im-werte-von-120,--\u20ac\"  data-calculation=\"0\">Gutschein im werte von 120,- \u20ac<\/option><\/select><\/div><\/div><\/div><div class=\"forminator-row\"><div id=\"textarea-1\" class=\"forminator-field-textarea forminator-col forminator-col-12 \"><div class=\"forminator-field\"><textarea name=\"textarea-1\" placeholder=\"Nachricht *\" id=\"forminator-field-textarea-1_69e7fc4a0be4b\" class=\"forminator-textarea\" rows=\"6\" style=\"--forminator-textarea-min-height:140px;\" maxlength=\"180\" ><\/textarea><span id=\"forminator-field-textarea-1_69e7fc4a0be4b-description\" class=\"forminator-description\"><span data-limit=\"180\" data-type=\"characters\" data-editor=\"\">0 \/ 180<\/span><\/span><\/div><\/div><\/div><div class=\"forminator-row\"><div id=\"consent-1\" class=\"forminator-field-consent forminator-col forminator-col-12 \"><div class=\"forminator-field\"><div class=\"forminator-checkbox__wrapper\"><label id=\"forminator-field-consent-1_69e7fc4a0be4b__label\" class=\"forminator-checkbox forminator-consent\"><input type=\"checkbox\" name=\"consent-1\" id=\"forminator-field-consent-1_69e7fc4a0be4b\" value=\"checked\" aria-labelledby=\"forminator-field-consent-1_69e7fc4a0be4b-label\" aria-describedby=\"forminator-field-consent-1_69e7fc4a0be4b__description\" data-required=\"true\" aria-required=\"true\" \/><span class=\"forminator-checkbox-box\" aria-hidden=\"true\"><\/span><\/label><div id=\"forminator-field-consent-1_69e7fc4a0be4b__description\" class=\"forminator-checkbox__label forminator-consent__label\"><p>Ich akzeptiere <a href=\"\/de\/gdpr\/\" target=\"_blank\" rel=\"noopener\">die Datenschutzbestimmungen<\/a><\/p><\/div><\/div><\/div><\/div><\/div><div class=\"forminator-row forminator-hidden\"><div id=\"hidden-1\" class=\"forminator-field-hidden  forminator-col-12 \"><input type=\"hidden\" id=\"hidden-1_69e7fc4a0be4b\" name=\"hidden-1\" value=\"https:\/\/www.svycarsky-dum.cz\/de\/infrasauna\/\" \/><\/div><\/div><input type=\"hidden\" name=\"referer_url\" value=\"\" \/><div class=\"forminator-row forminator-row-last\"><div class=\"forminator-col\"><div class=\"forminator-field\"><button class=\"forminator-button forminator-button-submit\">SENDEN<\/button><\/div><\/div><\/div><input type=\"hidden\" id=\"forminator_nonce\" name=\"forminator_nonce\" value=\"3d24db0667\" \/><input type=\"hidden\" name=\"_wp_http_referer\" value=\"\/de\/wp-json\/wp\/v2\/pages\/3301\" \/><input type=\"hidden\" name=\"form_id\" value=\"3312\"><input type=\"hidden\" name=\"page_id\" value=\"3301\"><input type=\"hidden\" name=\"form_type\" value=\"default\"><input type=\"hidden\" name=\"current_url\" value=\"https:\/\/www.svycarsky-dum.cz\/de\/infrasauna\/\"><input type=\"hidden\" name=\"render_id\" value=\"0\"><input type=\"hidden\" name=\"action\" value=\"forminator_submit_form_custom-forms\"><\/form>\t\t\t\t\t\t\t\t<\/div>\n\t\t\t\t<\/div>\n\t\t\t\t\t<\/div>\n\t\t<\/div>\n\t\t\t\t\t<\/div>\n\t\t<\/section>\n\t\t\t\t<\/div>\n\t\t","protected":false},"excerpt":{"rendered":"<p>INFRASAUNA Im Gegensatz zu finnischen Saunen erw\u00e4rmen Infrarotsaunen nicht die Luft, sondern\u00a0w\u00e4rmen den K\u00f6rper von innen. Infrarotstrahlung wirkt tief auf das K\u00f6rpergewebe ein, w\u00e4hrend die hei\u00dfe Luft in der finnischen Sauna haupts\u00e4chlich auf die Oberfl\u00e4chenschichten des K\u00f6rpers einwirkt. Infrarot-Saunen k\u00f6nnen &hellip; <a href=\"https:\/\/www.svycarsky-dum.cz\/de\/infrasauna\/\">Read More<\/a><\/p>\n","protected":false},"author":3,"featured_media":0,"parent":0,"menu_order":0,"comment_status":"closed","ping_status":"closed","template":"","meta":{"footnotes":""},"class_list":["post-3301","page","type-page","status-publish","hentry"],"yoast_head":"<!-- This site is optimized with the Yoast SEO plugin v27.4 - https:\/\/yoast.com\/product\/yoast-seo-wordpress\/ -->\n<title>Infrasauna - Das Hotel Schweizer Hof<\/title>\n<meta name=\"robots\" content=\"index, follow, max-snippet:-1, max-image-preview:large, max-video-preview:-1\" \/>\n<link rel=\"canonical\" href=\"https:\/\/www.svycarsky-dum.cz\/de\/infrasauna\/\" \/>\n<meta property=\"og:locale\" content=\"de_DE\" \/>\n<meta property=\"og:type\" content=\"article\" \/>\n<meta property=\"og:title\" content=\"Infrasauna - Das Hotel Schweizer Hof\" \/>\n<meta property=\"og:description\" content=\"INFRASAUNA Im Gegensatz zu finnischen Saunen erw\u00e4rmen Infrarotsaunen nicht die Luft, sondern\u00a0w\u00e4rmen den K\u00f6rper von innen. Infrarotstrahlung wirkt tief auf das K\u00f6rpergewebe ein, w\u00e4hrend die hei\u00dfe Luft in der finnischen Sauna haupts\u00e4chlich auf die Oberfl\u00e4chenschichten des K\u00f6rpers einwirkt. Infrarot-Saunen k\u00f6nnen &hellip; Read More\" \/>\n<meta property=\"og:url\" content=\"https:\/\/www.svycarsky-dum.cz\/de\/infrasauna\/\" \/>\n<meta property=\"og:site_name\" content=\"Das Hotel Schweizer Hof\" \/>\n<meta property=\"article:publisher\" content=\"https:\/\/www.facebook.com\/svycarskydumsneznik\" \/>\n<meta property=\"article:modified_time\" content=\"2022-06-02T09:12:17+00:00\" \/>\n<meta property=\"og:image\" content=\"https:\/\/www.svycarsky-dum.cz\/wp-content\/uploads\/2021\/10\/title-effects-dark.svg\" \/>\n<meta name=\"twitter:card\" content=\"summary_large_image\" \/>\n<script type=\"application\/ld+json\" class=\"yoast-schema-graph\">{\"@context\":\"https:\\\/\\\/schema.org\",\"@graph\":[{\"@type\":\"WebPage\",\"@id\":\"https:\\\/\\\/www.svycarsky-dum.cz\\\/de\\\/infrasauna\\\/\",\"url\":\"https:\\\/\\\/www.svycarsky-dum.cz\\\/de\\\/infrasauna\\\/\",\"name\":\"Infrasauna - Das Hotel Schweizer Hof\",\"isPartOf\":{\"@id\":\"https:\\\/\\\/www.svycarsky-dum.cz\\\/#website\"},\"primaryImageOfPage\":{\"@id\":\"https:\\\/\\\/www.svycarsky-dum.cz\\\/de\\\/infrasauna\\\/#primaryimage\"},\"image\":{\"@id\":\"https:\\\/\\\/www.svycarsky-dum.cz\\\/de\\\/infrasauna\\\/#primaryimage\"},\"thumbnailUrl\":\"https:\\\/\\\/www.svycarsky-dum.cz\\\/wp-content\\\/uploads\\\/2021\\\/10\\\/title-effects-dark.svg\",\"datePublished\":\"2022-02-24T09:35:21+00:00\",\"dateModified\":\"2022-06-02T09:12:17+00:00\",\"breadcrumb\":{\"@id\":\"https:\\\/\\\/www.svycarsky-dum.cz\\\/de\\\/infrasauna\\\/#breadcrumb\"},\"inLanguage\":\"de\",\"potentialAction\":[{\"@type\":\"ReadAction\",\"target\":[\"https:\\\/\\\/www.svycarsky-dum.cz\\\/de\\\/infrasauna\\\/\"]}]},{\"@type\":\"ImageObject\",\"inLanguage\":\"de\",\"@id\":\"https:\\\/\\\/www.svycarsky-dum.cz\\\/de\\\/infrasauna\\\/#primaryimage\",\"url\":\"https:\\\/\\\/www.svycarsky-dum.cz\\\/wp-content\\\/uploads\\\/2021\\\/10\\\/title-effects-dark.svg\",\"contentUrl\":\"https:\\\/\\\/www.svycarsky-dum.cz\\\/wp-content\\\/uploads\\\/2021\\\/10\\\/title-effects-dark.svg\"},{\"@type\":\"BreadcrumbList\",\"@id\":\"https:\\\/\\\/www.svycarsky-dum.cz\\\/de\\\/infrasauna\\\/#breadcrumb\",\"itemListElement\":[{\"@type\":\"ListItem\",\"position\":1,\"name\":\"Dom\u016f\",\"item\":\"https:\\\/\\\/www.svycarsky-dum.cz\\\/de\\\/\"},{\"@type\":\"ListItem\",\"position\":2,\"name\":\"Infrasauna\"}]},{\"@type\":\"WebSite\",\"@id\":\"https:\\\/\\\/www.svycarsky-dum.cz\\\/#website\",\"url\":\"https:\\\/\\\/www.svycarsky-dum.cz\\\/\",\"name\":\"Hotel a penzion \u0160v\u00fdcarsk\u00fd d\u016fm\",\"description\":\"\",\"publisher\":{\"@id\":\"https:\\\/\\\/www.svycarsky-dum.cz\\\/#organization\"},\"potentialAction\":[{\"@type\":\"SearchAction\",\"target\":{\"@type\":\"EntryPoint\",\"urlTemplate\":\"https:\\\/\\\/www.svycarsky-dum.cz\\\/?s={search_term_string}\"},\"query-input\":{\"@type\":\"PropertyValueSpecification\",\"valueRequired\":true,\"valueName\":\"search_term_string\"}}],\"inLanguage\":\"de\"},{\"@type\":\"Organization\",\"@id\":\"https:\\\/\\\/www.svycarsky-dum.cz\\\/#organization\",\"name\":\"Hotel a penzion \u0160v\u00fdcarsk\u00fd d\u016fm\",\"url\":\"https:\\\/\\\/www.svycarsky-dum.cz\\\/\",\"logo\":{\"@type\":\"ImageObject\",\"inLanguage\":\"de\",\"@id\":\"https:\\\/\\\/www.svycarsky-dum.cz\\\/#\\\/schema\\\/logo\\\/image\\\/\",\"url\":\"https:\\\/\\\/www.svycarsky-dum.cz\\\/wp-content\\\/uploads\\\/2022\\\/02\\\/Logo3.svg\",\"contentUrl\":\"https:\\\/\\\/www.svycarsky-dum.cz\\\/wp-content\\\/uploads\\\/2022\\\/02\\\/Logo3.svg\",\"width\":155,\"height\":107,\"caption\":\"Hotel a penzion \u0160v\u00fdcarsk\u00fd d\u016fm\"},\"image\":{\"@id\":\"https:\\\/\\\/www.svycarsky-dum.cz\\\/#\\\/schema\\\/logo\\\/image\\\/\"},\"sameAs\":[\"https:\\\/\\\/www.facebook.com\\\/svycarskydumsneznik\"]}]}<\/script>\n<!-- \/ Yoast SEO plugin. -->","yoast_head_json":{"title":"Infrasauna - Das Hotel Schweizer Hof","robots":{"index":"index","follow":"follow","max-snippet":"max-snippet:-1","max-image-preview":"max-image-preview:large","max-video-preview":"max-video-preview:-1"},"canonical":"https:\/\/www.svycarsky-dum.cz\/de\/infrasauna\/","og_locale":"de_DE","og_type":"article","og_title":"Infrasauna - Das Hotel Schweizer Hof","og_description":"INFRASAUNA Im Gegensatz zu finnischen Saunen erw\u00e4rmen Infrarotsaunen nicht die Luft, sondern\u00a0w\u00e4rmen den K\u00f6rper von innen. Infrarotstrahlung wirkt tief auf das K\u00f6rpergewebe ein, w\u00e4hrend die hei\u00dfe Luft in der finnischen Sauna haupts\u00e4chlich auf die Oberfl\u00e4chenschichten des K\u00f6rpers einwirkt. Infrarot-Saunen k\u00f6nnen &hellip; Read More","og_url":"https:\/\/www.svycarsky-dum.cz\/de\/infrasauna\/","og_site_name":"Das Hotel Schweizer Hof","article_publisher":"https:\/\/www.facebook.com\/svycarskydumsneznik","article_modified_time":"2022-06-02T09:12:17+00:00","og_image":[{"url":"https:\/\/www.svycarsky-dum.cz\/wp-content\/uploads\/2021\/10\/title-effects-dark.svg","type":"","width":"","height":""}],"twitter_card":"summary_large_image","schema":{"@context":"https:\/\/schema.org","@graph":[{"@type":"WebPage","@id":"https:\/\/www.svycarsky-dum.cz\/de\/infrasauna\/","url":"https:\/\/www.svycarsky-dum.cz\/de\/infrasauna\/","name":"Infrasauna - Das Hotel Schweizer Hof","isPartOf":{"@id":"https:\/\/www.svycarsky-dum.cz\/#website"},"primaryImageOfPage":{"@id":"https:\/\/www.svycarsky-dum.cz\/de\/infrasauna\/#primaryimage"},"image":{"@id":"https:\/\/www.svycarsky-dum.cz\/de\/infrasauna\/#primaryimage"},"thumbnailUrl":"https:\/\/www.svycarsky-dum.cz\/wp-content\/uploads\/2021\/10\/title-effects-dark.svg","datePublished":"2022-02-24T09:35:21+00:00","dateModified":"2022-06-02T09:12:17+00:00","breadcrumb":{"@id":"https:\/\/www.svycarsky-dum.cz\/de\/infrasauna\/#breadcrumb"},"inLanguage":"de","potentialAction":[{"@type":"ReadAction","target":["https:\/\/www.svycarsky-dum.cz\/de\/infrasauna\/"]}]},{"@type":"ImageObject","inLanguage":"de","@id":"https:\/\/www.svycarsky-dum.cz\/de\/infrasauna\/#primaryimage","url":"https:\/\/www.svycarsky-dum.cz\/wp-content\/uploads\/2021\/10\/title-effects-dark.svg","contentUrl":"https:\/\/www.svycarsky-dum.cz\/wp-content\/uploads\/2021\/10\/title-effects-dark.svg"},{"@type":"BreadcrumbList","@id":"https:\/\/www.svycarsky-dum.cz\/de\/infrasauna\/#breadcrumb","itemListElement":[{"@type":"ListItem","position":1,"name":"Dom\u016f","item":"https:\/\/www.svycarsky-dum.cz\/de\/"},{"@type":"ListItem","position":2,"name":"Infrasauna"}]},{"@type":"WebSite","@id":"https:\/\/www.svycarsky-dum.cz\/#website","url":"https:\/\/www.svycarsky-dum.cz\/","name":"Hotel a penzion \u0160v\u00fdcarsk\u00fd d\u016fm","description":"","publisher":{"@id":"https:\/\/www.svycarsky-dum.cz\/#organization"},"potentialAction":[{"@type":"SearchAction","target":{"@type":"EntryPoint","urlTemplate":"https:\/\/www.svycarsky-dum.cz\/?s={search_term_string}"},"query-input":{"@type":"PropertyValueSpecification","valueRequired":true,"valueName":"search_term_string"}}],"inLanguage":"de"},{"@type":"Organization","@id":"https:\/\/www.svycarsky-dum.cz\/#organization","name":"Hotel a penzion \u0160v\u00fdcarsk\u00fd d\u016fm","url":"https:\/\/www.svycarsky-dum.cz\/","logo":{"@type":"ImageObject","inLanguage":"de","@id":"https:\/\/www.svycarsky-dum.cz\/#\/schema\/logo\/image\/","url":"https:\/\/www.svycarsky-dum.cz\/wp-content\/uploads\/2022\/02\/Logo3.svg","contentUrl":"https:\/\/www.svycarsky-dum.cz\/wp-content\/uploads\/2022\/02\/Logo3.svg","width":155,"height":107,"caption":"Hotel a penzion \u0160v\u00fdcarsk\u00fd d\u016fm"},"image":{"@id":"https:\/\/www.svycarsky-dum.cz\/#\/schema\/logo\/image\/"},"sameAs":["https:\/\/www.facebook.com\/svycarskydumsneznik"]}]}},"_links":{"self":[{"href":"https:\/\/www.svycarsky-dum.cz\/de\/wp-json\/wp\/v2\/pages\/3301","targetHints":{"allow":["GET"]}}],"collection":[{"href":"https:\/\/www.svycarsky-dum.cz\/de\/wp-json\/wp\/v2\/pages"}],"about":[{"href":"https:\/\/www.svycarsky-dum.cz\/de\/wp-json\/wp\/v2\/types\/page"}],"author":[{"embeddable":true,"href":"https:\/\/www.svycarsky-dum.cz\/de\/wp-json\/wp\/v2\/users\/3"}],"replies":[{"embeddable":true,"href":"https:\/\/www.svycarsky-dum.cz\/de\/wp-json\/wp\/v2\/comments?post=3301"}],"version-history":[{"count":6,"href":"https:\/\/www.svycarsky-dum.cz\/de\/wp-json\/wp\/v2\/pages\/3301\/revisions"}],"predecessor-version":[{"id":3452,"href":"https:\/\/www.svycarsky-dum.cz\/de\/wp-json\/wp\/v2\/pages\/3301\/revisions\/3452"}],"wp:attachment":[{"href":"https:\/\/www.svycarsky-dum.cz\/de\/wp-json\/wp\/v2\/media?parent=3301"}],"curies":[{"name":"wp","href":"https:\/\/api.w.org\/{rel}","templated":true}]}}